{"id":10092,"date":"2025-03-23T12:34:45","date_gmt":"2025-03-23T08:34:45","guid":{"rendered":"https:\/\/b2b-armangroup.com\/product\/rye-crackers-3-korochki-4-cheeses-120gr\/"},"modified":"2026-02-24T16:50:39","modified_gmt":"2026-02-24T12:50:39","slug":"rye-crackers-3-korochki-4-cheeses-120gr","status":"publish","type":"product","link":"https:\/\/b2b-armangroup.com\/fr\/produit\/rye-crackers-3-korochki-4-cheeses-120gr\/","title":{"rendered":"3 Korochki \u2014 Cro\u00fbtons de seigle go\u00fbt 4 fromages 120 g"},"content":{"rendered":"","protected":false},"excerpt":{"rendered":"<blockquote>\n<p class=\"p1\">3 Korochki go\u00fbt 4 fromages 120 g. Cro\u00fbtons de seigle croustillants au go\u00fbt riche et cr\u00e9meux de quatre fromages. Un en-cas audacieux et savoureux, mariant des saveurs classiques de fromage \u00e0 la texture croquante du seigle. Id\u00e9al \u00e0 d\u00e9guster seul, avec des boissons ou \u00e0 partager entre amis. Format : 120 g.<\/p>\n<\/blockquote>\n<p>0,65 \u20ac per pack<\/p>","protected":false},"featured_media":10098,"comment_status":"open","ping_status":"closed","template":"","meta":{"_acf_changed":false},"product_brand":[],"product_cat":[238,235],"product_tag":[83],"class_list":{"0":"post-10092","1":"product","2":"type-product","3":"status-publish","4":"has-post-thumbnail","6":"product_cat-3-crusts","7":"product_cat-snacks","8":"product_tag-83","10":"first","11":"instock","12":"shipping-taxable","13":"purchasable","14":"product-type-variable","15":"wvs-archive-product-wrapper"},"acf":[],"_links":{"self":[{"href":"https:\/\/b2b-armangroup.com\/fr\/wp-json\/wp\/v2\/product\/10092","targetHints":{"allow":["GET"]}}],"collection":[{"href":"https:\/\/b2b-armangroup.com\/fr\/wp-json\/wp\/v2\/product"}],"about":[{"href":"https:\/\/b2b-armangroup.com\/fr\/wp-json\/wp\/v2\/types\/product"}],"replies":[{"embeddable":true,"href":"https:\/\/b2b-armangroup.com\/fr\/wp-json\/wp\/v2\/comments?post=10092"}],"version-history":[{"count":7,"href":"https:\/\/b2b-armangroup.com\/fr\/wp-json\/wp\/v2\/product\/10092\/revisions"}],"predecessor-version":[{"id":15620,"href":"https:\/\/b2b-armangroup.com\/fr\/wp-json\/wp\/v2\/product\/10092\/revisions\/15620"}],"wp:featuredmedia":[{"embeddable":true,"href":"https:\/\/b2b-armangroup.com\/fr\/wp-json\/wp\/v2\/media\/10098"}],"wp:attachment":[{"href":"https:\/\/b2b-armangroup.com\/fr\/wp-json\/wp\/v2\/media?parent=10092"}],"wp:term":[{"taxonomy":"product_brand","embeddable":true,"href":"https:\/\/b2b-armangroup.com\/fr\/wp-json\/wp\/v2\/product_brand?post=10092"},{"taxonomy":"product_cat","embeddable":true,"href":"https:\/\/b2b-armangroup.com\/fr\/wp-json\/wp\/v2\/product_cat?post=10092"},{"taxonomy":"product_tag","embeddable":true,"href":"https:\/\/b2b-armangroup.com\/fr\/wp-json\/wp\/v2\/product_tag?post=10092"}],"curies":[{"name":"wp","href":"https:\/\/api.w.org\/{rel}","templated":true}]}}