{"id":10099,"date":"2025-03-23T12:34:46","date_gmt":"2025-03-23T08:34:46","guid":{"rendered":"https:\/\/b2b-armangroup.com\/product\/rye-crackers-3-korochki-with-chicken-curry-flavor-80gr\/"},"modified":"2026-02-24T16:46:43","modified_gmt":"2026-02-24T12:46:43","slug":"rye-crackers-3-korochki-with-chicken-curry-flavor-80gr","status":"publish","type":"product","link":"https:\/\/b2b-armangroup.com\/fr\/produit\/rye-crackers-3-korochki-with-chicken-curry-flavor-80gr\/","title":{"rendered":"3 Korochki \u2014 Cro\u00fbtons de seigle go\u00fbt Poulet Curry 80 g"},"content":{"rendered":"","protected":false},"excerpt":{"rendered":"<p class=\"p1\">3 Korochki go\u00fbt Poulet Curry 80 g. Cro\u00fbtons de seigle croustillants au go\u00fbt exotique et parfum\u00e9 de poulet au curry. Un en-cas original et savoureux, mariant des notes \u00e9pic\u00e9es riches avec le croustillant du pain de seigle. Id\u00e9al avec des boissons ou pour une pause gourmande. Format : 80 g.<\/p>\n<p>0,55 \u20ac per pack<\/p>","protected":false},"featured_media":10105,"comment_status":"open","ping_status":"closed","template":"","meta":{"_acf_changed":false},"product_brand":[],"product_cat":[238,235],"product_tag":[83],"class_list":{"0":"post-10099","1":"product","2":"type-product","3":"status-publish","4":"has-post-thumbnail","6":"product_cat-3-crusts","7":"product_cat-snacks","8":"product_tag-83","10":"first","11":"instock","12":"shipping-taxable","13":"purchasable","14":"product-type-variable","15":"wvs-archive-product-wrapper"},"acf":[],"_links":{"self":[{"href":"https:\/\/b2b-armangroup.com\/fr\/wp-json\/wp\/v2\/product\/10099","targetHints":{"allow":["GET"]}}],"collection":[{"href":"https:\/\/b2b-armangroup.com\/fr\/wp-json\/wp\/v2\/product"}],"about":[{"href":"https:\/\/b2b-armangroup.com\/fr\/wp-json\/wp\/v2\/types\/product"}],"replies":[{"embeddable":true,"href":"https:\/\/b2b-armangroup.com\/fr\/wp-json\/wp\/v2\/comments?post=10099"}],"version-history":[{"count":5,"href":"https:\/\/b2b-armangroup.com\/fr\/wp-json\/wp\/v2\/product\/10099\/revisions"}],"predecessor-version":[{"id":15616,"href":"https:\/\/b2b-armangroup.com\/fr\/wp-json\/wp\/v2\/product\/10099\/revisions\/15616"}],"wp:featuredmedia":[{"embeddable":true,"href":"https:\/\/b2b-armangroup.com\/fr\/wp-json\/wp\/v2\/media\/10105"}],"wp:attachment":[{"href":"https:\/\/b2b-armangroup.com\/fr\/wp-json\/wp\/v2\/media?parent=10099"}],"wp:term":[{"taxonomy":"product_brand","embeddable":true,"href":"https:\/\/b2b-armangroup.com\/fr\/wp-json\/wp\/v2\/product_brand?post=10099"},{"taxonomy":"product_cat","embeddable":true,"href":"https:\/\/b2b-armangroup.com\/fr\/wp-json\/wp\/v2\/product_cat?post=10099"},{"taxonomy":"product_tag","embeddable":true,"href":"https:\/\/b2b-armangroup.com\/fr\/wp-json\/wp\/v2\/product_tag?post=10099"}],"curies":[{"name":"wp","href":"https:\/\/api.w.org\/{rel}","templated":true}]}}