{"id":10120,"date":"2025-03-23T12:34:57","date_gmt":"2025-03-23T08:34:57","guid":{"rendered":"https:\/\/b2b-armangroup.com\/product\/vodka-ohanyan-gold-0-75l\/"},"modified":"2025-11-22T14:41:25","modified_gmt":"2025-11-22T10:41:25","slug":"vodka-ohanyan-gold-0-75l","status":"publish","type":"product","link":"https:\/\/b2b-armangroup.com\/fr\/produit\/vodka-ohanyan-gold-0-75l\/","title":{"rendered":"Vodka Ohanyan Gold \u2013 40% \u2013 0,75L"},"content":{"rendered":"","protected":false},"excerpt":{"rendered":"<p class=\"p1\">La Vodka Ohanyan Gold est une vodka arm\u00e9nienne premium, \u00e9labor\u00e9e avec un savoir-faire exceptionnel. Avec 40% d\u2019alcool, elle offre un go\u00fbt raffin\u00e9 et soyeux. Pr\u00e9sent\u00e9e dans une \u00e9l\u00e9gante bouteille dor\u00e9e, elle incarne luxe et sophistication.<\/p>\n<p>29,90 \u20ac per bottle<\/p>","protected":false},"featured_media":14700,"comment_status":"open","ping_status":"closed","template":"","meta":{"_acf_changed":false},"product_brand":[],"product_cat":[213],"product_tag":[81],"class_list":{"0":"post-10120","1":"product","2":"type-product","3":"status-publish","4":"has-post-thumbnail","6":"product_cat-vodka","7":"product_tag-81","9":"first","10":"instock","11":"shipping-taxable","12":"purchasable","13":"product-type-variable","14":"wvs-archive-product-wrapper"},"acf":[],"_links":{"self":[{"href":"https:\/\/b2b-armangroup.com\/fr\/wp-json\/wp\/v2\/product\/10120","targetHints":{"allow":["GET"]}}],"collection":[{"href":"https:\/\/b2b-armangroup.com\/fr\/wp-json\/wp\/v2\/product"}],"about":[{"href":"https:\/\/b2b-armangroup.com\/fr\/wp-json\/wp\/v2\/types\/product"}],"replies":[{"embeddable":true,"href":"https:\/\/b2b-armangroup.com\/fr\/wp-json\/wp\/v2\/comments?post=10120"}],"version-history":[{"count":5,"href":"https:\/\/b2b-armangroup.com\/fr\/wp-json\/wp\/v2\/product\/10120\/revisions"}],"predecessor-version":[{"id":13161,"href":"https:\/\/b2b-armangroup.com\/fr\/wp-json\/wp\/v2\/product\/10120\/revisions\/13161"}],"wp:featuredmedia":[{"embeddable":true,"href":"https:\/\/b2b-armangroup.com\/fr\/wp-json\/wp\/v2\/media\/14700"}],"wp:attachment":[{"href":"https:\/\/b2b-armangroup.com\/fr\/wp-json\/wp\/v2\/media?parent=10120"}],"wp:term":[{"taxonomy":"product_brand","embeddable":true,"href":"https:\/\/b2b-armangroup.com\/fr\/wp-json\/wp\/v2\/product_brand?post=10120"},{"taxonomy":"product_cat","embeddable":true,"href":"https:\/\/b2b-armangroup.com\/fr\/wp-json\/wp\/v2\/product_cat?post=10120"},{"taxonomy":"product_tag","embeddable":true,"href":"https:\/\/b2b-armangroup.com\/fr\/wp-json\/wp\/v2\/product_tag?post=10120"}],"curies":[{"name":"wp","href":"https:\/\/api.w.org\/{rel}","templated":true}]}}