{"id":10127,"date":"2025-03-23T12:34:58","date_gmt":"2025-03-23T08:34:58","guid":{"rendered":"https:\/\/b2b-armangroup.com\/product\/vodka-ohanyan-phantom-0-7l\/"},"modified":"2026-02-22T14:47:46","modified_gmt":"2026-02-22T10:47:46","slug":"vodka-ohanyan-phantom-0-7l","status":"publish","type":"product","link":"https:\/\/b2b-armangroup.com\/fr\/produit\/vodka-ohanyan-phantom-0-7l\/","title":{"rendered":"Vodka Ohanyan Phantom \u2013 40% \u2013 1,75L"},"content":{"rendered":"","protected":false},"excerpt":{"rendered":"<p class=\"p1\">La vodka OHANYAN Phantom est le reflet de notre philosophie en mati\u00e8re de cr\u00e9ation de spiritueux. C'est une histoire de savoir-faire, de traditions, de passion et de respect de la terre, tiss\u00e9e \u00e0 partir de l'alliance de l'eau fra\u00eeche des sources de montagne et du bl\u00e9 arm\u00e9nien. La simplicit\u00e9 des ingr\u00e9dients et la nouvelle recette \u00e9labor\u00e9e par nos ma\u00eetres distillateurs donnent naissance \u00e0 une vodka unique, au go\u00fbt riche et expressif.<\/p>\n<p>89,99 \u20ac per bottle<\/p>","protected":false},"featured_media":15571,"comment_status":"open","ping_status":"closed","template":"","meta":{"_acf_changed":false},"product_brand":[],"product_cat":[174,188,260,213],"product_tag":[81],"class_list":{"0":"post-10127","1":"product","2":"type-product","3":"status-publish","4":"has-post-thumbnail","6":"product_cat-all-collections","7":"product_cat-drinks-beverages","8":"product_cat-new-products","9":"product_cat-vodka","10":"product_tag-81","12":"first","13":"instock","14":"shipping-taxable","15":"purchasable","16":"product-type-variable","17":"wvs-archive-product-wrapper"},"acf":[],"_links":{"self":[{"href":"https:\/\/b2b-armangroup.com\/fr\/wp-json\/wp\/v2\/product\/10127","targetHints":{"allow":["GET"]}}],"collection":[{"href":"https:\/\/b2b-armangroup.com\/fr\/wp-json\/wp\/v2\/product"}],"about":[{"href":"https:\/\/b2b-armangroup.com\/fr\/wp-json\/wp\/v2\/types\/product"}],"replies":[{"embeddable":true,"href":"https:\/\/b2b-armangroup.com\/fr\/wp-json\/wp\/v2\/comments?post=10127"}],"version-history":[{"count":8,"href":"https:\/\/b2b-armangroup.com\/fr\/wp-json\/wp\/v2\/product\/10127\/revisions"}],"predecessor-version":[{"id":13158,"href":"https:\/\/b2b-armangroup.com\/fr\/wp-json\/wp\/v2\/product\/10127\/revisions\/13158"}],"wp:featuredmedia":[{"embeddable":true,"href":"https:\/\/b2b-armangroup.com\/fr\/wp-json\/wp\/v2\/media\/15571"}],"wp:attachment":[{"href":"https:\/\/b2b-armangroup.com\/fr\/wp-json\/wp\/v2\/media?parent=10127"}],"wp:term":[{"taxonomy":"product_brand","embeddable":true,"href":"https:\/\/b2b-armangroup.com\/fr\/wp-json\/wp\/v2\/product_brand?post=10127"},{"taxonomy":"product_cat","embeddable":true,"href":"https:\/\/b2b-armangroup.com\/fr\/wp-json\/wp\/v2\/product_cat?post=10127"},{"taxonomy":"product_tag","embeddable":true,"href":"https:\/\/b2b-armangroup.com\/fr\/wp-json\/wp\/v2\/product_tag?post=10127"}],"curies":[{"name":"wp","href":"https:\/\/api.w.org\/{rel}","templated":true}]}}