{"id":11769,"date":"2025-04-29T20:22:35","date_gmt":"2025-04-29T16:22:35","guid":{"rendered":"https:\/\/b2b-armangroup.com\/?post_type=product&#038;p=11769"},"modified":"2026-02-22T21:55:59","modified_gmt":"2026-02-22T17:55:59","slug":"xam-xam-chips","status":"publish","type":"product","link":"https:\/\/b2b-armangroup.com\/fr\/produit\/xam-xam-chips\/","title":{"rendered":"Xam Xam \u2014 Ma\u00efs souffl\u00e9 sucr\u00e9 + surprise (\u00c9dition rouge)"},"content":{"rendered":"","protected":false},"excerpt":{"rendered":"<p class=\"p1\">Xam Xam Ma\u00efs souffl\u00e9 sucr\u00e9 + surprise (\u00c9dition rouge). B\u00e2tonnets de ma\u00efs croustillants et l\u00e9g\u00e8rement sucr\u00e9s, con\u00e7us pour le plaisir des enfants. Chaque paquet contient un petit jouet surprise. Id\u00e9al pour les go\u00fbters, f\u00eates et petits cadeaux.<\/p>\n<p>0,65\u20ac per pack<\/p>","protected":false},"featured_media":11978,"comment_status":"open","ping_status":"closed","template":"","meta":{"_acf_changed":false},"product_brand":[],"product_cat":[174,260,226,218],"product_tag":[],"class_list":{"0":"post-11769","1":"product","2":"type-product","3":"status-publish","4":"has-post-thumbnail","6":"product_cat-all-collections","7":"product_cat-new-products","8":"product_cat-sweet-sticks","9":"product_cat-sweets","11":"first","12":"instock","13":"sale","14":"shipping-taxable","15":"purchasable","16":"product-type-variable","17":"wvs-archive-product-wrapper"},"acf":[],"_links":{"self":[{"href":"https:\/\/b2b-armangroup.com\/fr\/wp-json\/wp\/v2\/product\/11769","targetHints":{"allow":["GET"]}}],"collection":[{"href":"https:\/\/b2b-armangroup.com\/fr\/wp-json\/wp\/v2\/product"}],"about":[{"href":"https:\/\/b2b-armangroup.com\/fr\/wp-json\/wp\/v2\/types\/product"}],"replies":[{"embeddable":true,"href":"https:\/\/b2b-armangroup.com\/fr\/wp-json\/wp\/v2\/comments?post=11769"}],"version-history":[{"count":10,"href":"https:\/\/b2b-armangroup.com\/fr\/wp-json\/wp\/v2\/product\/11769\/revisions"}],"predecessor-version":[{"id":15585,"href":"https:\/\/b2b-armangroup.com\/fr\/wp-json\/wp\/v2\/product\/11769\/revisions\/15585"}],"wp:featuredmedia":[{"embeddable":true,"href":"https:\/\/b2b-armangroup.com\/fr\/wp-json\/wp\/v2\/media\/11978"}],"wp:attachment":[{"href":"https:\/\/b2b-armangroup.com\/fr\/wp-json\/wp\/v2\/media?parent=11769"}],"wp:term":[{"taxonomy":"product_brand","embeddable":true,"href":"https:\/\/b2b-armangroup.com\/fr\/wp-json\/wp\/v2\/product_brand?post=11769"},{"taxonomy":"product_cat","embeddable":true,"href":"https:\/\/b2b-armangroup.com\/fr\/wp-json\/wp\/v2\/product_cat?post=11769"},{"taxonomy":"product_tag","embeddable":true,"href":"https:\/\/b2b-armangroup.com\/fr\/wp-json\/wp\/v2\/product_tag?post=11769"}],"curies":[{"name":"wp","href":"https:\/\/api.w.org\/{rel}","templated":true}]}}