{"id":11823,"date":"2025-04-30T14:37:21","date_gmt":"2025-04-30T10:37:21","guid":{"rendered":"https:\/\/b2b-armangroup.com\/?post_type=product&#038;p=11823"},"modified":"2025-12-16T18:57:00","modified_gmt":"2025-12-16T14:57:00","slug":"boulghour-moyen-800g-ambar","status":"publish","type":"product","link":"https:\/\/b2b-armangroup.com\/fr\/produit\/boulghour-moyen-800g-ambar\/","title":{"rendered":"Boulghour moyen Ambar 800 g"},"content":{"rendered":"","protected":false},"excerpt":{"rendered":"<p class=\"p1\">High-quality medium bulgur by <span class=\"s1\"><b>Ambar<\/b><\/span>Boulghour moyen de qualit\u00e9 sup\u00e9rieure par Ambar, \u00e0 base de bl\u00e9 s\u00e9lectionn\u00e9, cuit \u00e0 la vapeur et s\u00e9ch\u00e9 pour pr\u00e9server les nutriments. Riche en fibres, fer et vitamines. Id\u00e9al pour le taboul\u00e9, le pilaf, les salades ou comme accompagnement. Format : 800 g.<\/p>\n<p>1,90\u20ac per pack<\/p>","protected":false},"featured_media":14611,"comment_status":"open","ping_status":"closed","template":"","meta":{"_acf_changed":false},"product_brand":[],"product_cat":[174,184,247,260],"product_tag":[],"class_list":{"0":"post-11823","1":"product","2":"type-product","3":"status-publish","4":"has-post-thumbnail","6":"product_cat-all-collections","7":"product_cat-grains","8":"product_cat-groceries","9":"product_cat-new-products","11":"first","12":"outofstock","13":"shipping-taxable","14":"purchasable","15":"product-type-variable","16":"wvs-archive-product-wrapper"},"acf":[],"_links":{"self":[{"href":"https:\/\/b2b-armangroup.com\/fr\/wp-json\/wp\/v2\/product\/11823","targetHints":{"allow":["GET"]}}],"collection":[{"href":"https:\/\/b2b-armangroup.com\/fr\/wp-json\/wp\/v2\/product"}],"about":[{"href":"https:\/\/b2b-armangroup.com\/fr\/wp-json\/wp\/v2\/types\/product"}],"replies":[{"embeddable":true,"href":"https:\/\/b2b-armangroup.com\/fr\/wp-json\/wp\/v2\/comments?post=11823"}],"version-history":[{"count":7,"href":"https:\/\/b2b-armangroup.com\/fr\/wp-json\/wp\/v2\/product\/11823\/revisions"}],"predecessor-version":[{"id":14735,"href":"https:\/\/b2b-armangroup.com\/fr\/wp-json\/wp\/v2\/product\/11823\/revisions\/14735"}],"wp:featuredmedia":[{"embeddable":true,"href":"https:\/\/b2b-armangroup.com\/fr\/wp-json\/wp\/v2\/media\/14611"}],"wp:attachment":[{"href":"https:\/\/b2b-armangroup.com\/fr\/wp-json\/wp\/v2\/media?parent=11823"}],"wp:term":[{"taxonomy":"product_brand","embeddable":true,"href":"https:\/\/b2b-armangroup.com\/fr\/wp-json\/wp\/v2\/product_brand?post=11823"},{"taxonomy":"product_cat","embeddable":true,"href":"https:\/\/b2b-armangroup.com\/fr\/wp-json\/wp\/v2\/product_cat?post=11823"},{"taxonomy":"product_tag","embeddable":true,"href":"https:\/\/b2b-armangroup.com\/fr\/wp-json\/wp\/v2\/product_tag?post=11823"}],"curies":[{"name":"wp","href":"https:\/\/api.w.org\/{rel}","templated":true}]}}