{"id":11827,"date":"2025-04-30T14:39:48","date_gmt":"2025-04-30T10:39:48","guid":{"rendered":"https:\/\/b2b-armangroup.com\/?post_type=product&#038;p=11827"},"modified":"2026-02-11T17:04:43","modified_gmt":"2026-02-11T13:04:43","slug":"boulghour-gros-800g-ambar","status":"publish","type":"product","link":"https:\/\/b2b-armangroup.com\/fr\/produit\/boulghour-gros-800g-ambar\/","title":{"rendered":"Boulghour gros 800g d'Ambre"},"content":{"rendered":"","protected":false},"excerpt":{"rendered":"<p class=\"p1\">Premium <span class=\"s1\"><b>coarse bulgur<\/b><\/span> Boulghour gros de qualit\u00e9 sup\u00e9rieure Ambar. Issu de bl\u00e9 entier, pr\u00e9cuit, s\u00e9ch\u00e9 et concass\u00e9 en gros grains. Id\u00e9al pour les pilafs, salades (comme le taboul\u00e9) et soupes consistantes. Riche en fibres et min\u00e9raux, avec une saveur de noisette. Format : 800 g.<\/p>\n<p>1,99\u20ac per pack<\/p>","protected":false},"featured_media":14610,"comment_status":"open","ping_status":"closed","template":"","meta":{"_acf_changed":false},"product_brand":[],"product_cat":[174,184,247,260],"product_tag":[],"class_list":{"0":"post-11827","1":"product","2":"type-product","3":"status-publish","4":"has-post-thumbnail","6":"product_cat-all-collections","7":"product_cat-grains","8":"product_cat-groceries","9":"product_cat-new-products","11":"first","12":"outofstock","13":"shipping-taxable","14":"purchasable","15":"product-type-variable","16":"wvs-archive-product-wrapper"},"acf":[],"_links":{"self":[{"href":"https:\/\/b2b-armangroup.com\/fr\/wp-json\/wp\/v2\/product\/11827","targetHints":{"allow":["GET"]}}],"collection":[{"href":"https:\/\/b2b-armangroup.com\/fr\/wp-json\/wp\/v2\/product"}],"about":[{"href":"https:\/\/b2b-armangroup.com\/fr\/wp-json\/wp\/v2\/types\/product"}],"replies":[{"embeddable":true,"href":"https:\/\/b2b-armangroup.com\/fr\/wp-json\/wp\/v2\/comments?post=11827"}],"version-history":[{"count":4,"href":"https:\/\/b2b-armangroup.com\/fr\/wp-json\/wp\/v2\/product\/11827\/revisions"}],"predecessor-version":[{"id":14734,"href":"https:\/\/b2b-armangroup.com\/fr\/wp-json\/wp\/v2\/product\/11827\/revisions\/14734"}],"wp:featuredmedia":[{"embeddable":true,"href":"https:\/\/b2b-armangroup.com\/fr\/wp-json\/wp\/v2\/media\/14610"}],"wp:attachment":[{"href":"https:\/\/b2b-armangroup.com\/fr\/wp-json\/wp\/v2\/media?parent=11827"}],"wp:term":[{"taxonomy":"product_brand","embeddable":true,"href":"https:\/\/b2b-armangroup.com\/fr\/wp-json\/wp\/v2\/product_brand?post=11827"},{"taxonomy":"product_cat","embeddable":true,"href":"https:\/\/b2b-armangroup.com\/fr\/wp-json\/wp\/v2\/product_cat?post=11827"},{"taxonomy":"product_tag","embeddable":true,"href":"https:\/\/b2b-armangroup.com\/fr\/wp-json\/wp\/v2\/product_tag?post=11827"}],"curies":[{"name":"wp","href":"https:\/\/api.w.org\/{rel}","templated":true}]}}