{"id":11870,"date":"2025-04-30T16:05:40","date_gmt":"2025-04-30T12:05:40","guid":{"rendered":"https:\/\/b2b-armangroup.com\/?post_type=product&#038;p=11870"},"modified":"2026-04-09T13:30:05","modified_gmt":"2026-04-09T09:30:05","slug":"salted-sticks-250g-daroink","status":"publish","type":"product","link":"https:\/\/b2b-armangroup.com\/fr\/produit\/salted-sticks-250g-daroink\/","title":{"rendered":"Daroink \u2014 Gressins sal\u00e9s \u00e0 la fleur de sel \u2014 200 g"},"content":{"rendered":"","protected":false},"excerpt":{"rendered":"<p class=\"p1\">B\u00e2tonnets sal\u00e9s Daroink 200 g. Croquants et dor\u00e9s au four, l\u00e9g\u00e8rement sal\u00e9s pour une collation parfaite. \u00c0 d\u00e9guster seuls, avec des sauces ou en accompagnement de boissons. Une option simple, savoureuse et pratique, pr\u00e9par\u00e9e avec des ingr\u00e9dients naturels.<\/p>\n<p>0,90\u20ac per pack<\/p>","protected":false},"featured_media":13771,"comment_status":"open","ping_status":"closed","template":"","meta":{"_acf_changed":false},"product_brand":[],"product_cat":[174,201,260,186,240,235],"product_tag":[],"class_list":{"0":"post-11870","1":"product","2":"type-product","3":"status-publish","4":"has-post-thumbnail","6":"product_cat-all-collections","7":"product_cat-daroink","8":"product_cat-new-products","9":"product_cat-sales","10":"product_cat-salt-sticks","11":"product_cat-snacks","13":"first","14":"instock","15":"shipping-taxable","16":"purchasable","17":"product-type-variable","18":"wvs-archive-product-wrapper"},"acf":[],"_links":{"self":[{"href":"https:\/\/b2b-armangroup.com\/fr\/wp-json\/wp\/v2\/product\/11870","targetHints":{"allow":["GET"]}}],"collection":[{"href":"https:\/\/b2b-armangroup.com\/fr\/wp-json\/wp\/v2\/product"}],"about":[{"href":"https:\/\/b2b-armangroup.com\/fr\/wp-json\/wp\/v2\/types\/product"}],"replies":[{"embeddable":true,"href":"https:\/\/b2b-armangroup.com\/fr\/wp-json\/wp\/v2\/comments?post=11870"}],"version-history":[{"count":5,"href":"https:\/\/b2b-armangroup.com\/fr\/wp-json\/wp\/v2\/product\/11870\/revisions"}],"predecessor-version":[{"id":16499,"href":"https:\/\/b2b-armangroup.com\/fr\/wp-json\/wp\/v2\/product\/11870\/revisions\/16499"}],"wp:featuredmedia":[{"embeddable":true,"href":"https:\/\/b2b-armangroup.com\/fr\/wp-json\/wp\/v2\/media\/13771"}],"wp:attachment":[{"href":"https:\/\/b2b-armangroup.com\/fr\/wp-json\/wp\/v2\/media?parent=11870"}],"wp:term":[{"taxonomy":"product_brand","embeddable":true,"href":"https:\/\/b2b-armangroup.com\/fr\/wp-json\/wp\/v2\/product_brand?post=11870"},{"taxonomy":"product_cat","embeddable":true,"href":"https:\/\/b2b-armangroup.com\/fr\/wp-json\/wp\/v2\/product_cat?post=11870"},{"taxonomy":"product_tag","embeddable":true,"href":"https:\/\/b2b-armangroup.com\/fr\/wp-json\/wp\/v2\/product_tag?post=11870"}],"curies":[{"name":"wp","href":"https:\/\/api.w.org\/{rel}","templated":true}]}}