{"id":11874,"date":"2025-04-30T16:28:44","date_gmt":"2025-04-30T12:28:44","guid":{"rendered":"https:\/\/b2b-armangroup.com\/?post_type=product&#038;p=11874"},"modified":"2025-11-22T16:13:08","modified_gmt":"2025-11-22T12:13:08","slug":"sushki-200g-daroink","status":"publish","type":"product","link":"https:\/\/b2b-armangroup.com\/fr\/produit\/sushki-200g-daroink\/","title":{"rendered":"Daroink \u2014 Sushki 200 g"},"content":{"rendered":"","protected":false},"excerpt":{"rendered":"<p class=\"p1\">Daroink Sushki 200 g. Petits biscuits traditionnels en forme d\u2019anneaux, croquants et l\u00e9g\u00e8rement sucr\u00e9s. Id\u00e9al \u00e0 d\u00e9guster avec du th\u00e9, du caf\u00e9 ou comme collation l\u00e9g\u00e8re. Format : 200 g.<\/p>\n<p>0,70\u20ac per pack<\/p>","protected":false},"featured_media":14821,"comment_status":"open","ping_status":"closed","template":"","meta":{"_acf_changed":false},"product_brand":[],"product_cat":[201,260,186,235,218,239],"product_tag":[],"class_list":{"0":"post-11874","1":"product","2":"type-product","3":"status-publish","4":"has-post-thumbnail","6":"product_cat-daroink","7":"product_cat-new-products","8":"product_cat-sales","9":"product_cat-snacks","10":"product_cat-sweets","11":"product_cat-wafer","13":"first","14":"instock","15":"shipping-taxable","16":"purchasable","17":"product-type-variable","18":"wvs-archive-product-wrapper"},"acf":[],"_links":{"self":[{"href":"https:\/\/b2b-armangroup.com\/fr\/wp-json\/wp\/v2\/product\/11874","targetHints":{"allow":["GET"]}}],"collection":[{"href":"https:\/\/b2b-armangroup.com\/fr\/wp-json\/wp\/v2\/product"}],"about":[{"href":"https:\/\/b2b-armangroup.com\/fr\/wp-json\/wp\/v2\/types\/product"}],"replies":[{"embeddable":true,"href":"https:\/\/b2b-armangroup.com\/fr\/wp-json\/wp\/v2\/comments?post=11874"}],"version-history":[{"count":5,"href":"https:\/\/b2b-armangroup.com\/fr\/wp-json\/wp\/v2\/product\/11874\/revisions"}],"predecessor-version":[{"id":13750,"href":"https:\/\/b2b-armangroup.com\/fr\/wp-json\/wp\/v2\/product\/11874\/revisions\/13750"}],"wp:featuredmedia":[{"embeddable":true,"href":"https:\/\/b2b-armangroup.com\/fr\/wp-json\/wp\/v2\/media\/14821"}],"wp:attachment":[{"href":"https:\/\/b2b-armangroup.com\/fr\/wp-json\/wp\/v2\/media?parent=11874"}],"wp:term":[{"taxonomy":"product_brand","embeddable":true,"href":"https:\/\/b2b-armangroup.com\/fr\/wp-json\/wp\/v2\/product_brand?post=11874"},{"taxonomy":"product_cat","embeddable":true,"href":"https:\/\/b2b-armangroup.com\/fr\/wp-json\/wp\/v2\/product_cat?post=11874"},{"taxonomy":"product_tag","embeddable":true,"href":"https:\/\/b2b-armangroup.com\/fr\/wp-json\/wp\/v2\/product_tag?post=11874"}],"curies":[{"name":"wp","href":"https:\/\/api.w.org\/{rel}","templated":true}]}}