{"id":12338,"date":"2025-05-08T12:39:03","date_gmt":"2025-05-08T08:39:03","guid":{"rendered":"https:\/\/b2b-armangroup.com\/?post_type=product&#038;p=12338"},"modified":"2026-02-28T13:05:48","modified_gmt":"2026-02-28T09:05:48","slug":"tarragon-lemonade-natakhtari-05l","status":"publish","type":"product","link":"https:\/\/b2b-armangroup.com\/fr\/produit\/tarragon-lemonade-natakhtari-05l\/","title":{"rendered":"Limonade P\u00e9tillante Estragon Natakhtari"},"content":{"rendered":"","protected":false},"excerpt":{"rendered":"<p class=\"p1\">Limonade p\u00e9tillante g\u00e9orgienne \u00e0 l\u2019estragon.<\/p>\n<p class=\"p1\">Disponible en 0,5 L (12 bouteilles par carton).<\/p>\n<p>1,15 \u20ac<\/p>","protected":false},"featured_media":13087,"comment_status":"open","ping_status":"closed","template":"","meta":{"_acf_changed":false},"product_brand":[],"product_cat":[174,188,291,292,225,260],"product_tag":[],"class_list":{"0":"post-12338","1":"product","2":"type-product","3":"status-publish","4":"has-post-thumbnail","6":"product_cat-all-collections","7":"product_cat-drinks-beverages","8":"product_cat-georgian-beverages","9":"product_cat-georgian-products","10":"product_cat-lemonade","11":"product_cat-new-products","13":"first","14":"instock","15":"shipping-taxable","16":"purchasable","17":"product-type-variable","18":"wvs-archive-product-wrapper"},"acf":[],"_links":{"self":[{"href":"https:\/\/b2b-armangroup.com\/fr\/wp-json\/wp\/v2\/product\/12338","targetHints":{"allow":["GET"]}}],"collection":[{"href":"https:\/\/b2b-armangroup.com\/fr\/wp-json\/wp\/v2\/product"}],"about":[{"href":"https:\/\/b2b-armangroup.com\/fr\/wp-json\/wp\/v2\/types\/product"}],"replies":[{"embeddable":true,"href":"https:\/\/b2b-armangroup.com\/fr\/wp-json\/wp\/v2\/comments?post=12338"}],"version-history":[{"count":6,"href":"https:\/\/b2b-armangroup.com\/fr\/wp-json\/wp\/v2\/product\/12338\/revisions"}],"predecessor-version":[{"id":15165,"href":"https:\/\/b2b-armangroup.com\/fr\/wp-json\/wp\/v2\/product\/12338\/revisions\/15165"}],"wp:featuredmedia":[{"embeddable":true,"href":"https:\/\/b2b-armangroup.com\/fr\/wp-json\/wp\/v2\/media\/13087"}],"wp:attachment":[{"href":"https:\/\/b2b-armangroup.com\/fr\/wp-json\/wp\/v2\/media?parent=12338"}],"wp:term":[{"taxonomy":"product_brand","embeddable":true,"href":"https:\/\/b2b-armangroup.com\/fr\/wp-json\/wp\/v2\/product_brand?post=12338"},{"taxonomy":"product_cat","embeddable":true,"href":"https:\/\/b2b-armangroup.com\/fr\/wp-json\/wp\/v2\/product_cat?post=12338"},{"taxonomy":"product_tag","embeddable":true,"href":"https:\/\/b2b-armangroup.com\/fr\/wp-json\/wp\/v2\/product_tag?post=12338"}],"curies":[{"name":"wp","href":"https:\/\/api.w.org\/{rel}","templated":true}]}}