{"id":12477,"date":"2025-05-22T12:36:25","date_gmt":"2025-05-22T08:36:25","guid":{"rendered":"https:\/\/b2b-armangroup.com\/?post_type=product&#038;p=12477"},"modified":"2026-02-27T19:34:47","modified_gmt":"2026-02-27T15:34:47","slug":"dubai-chocolate-100g-germiyan","status":"publish","type":"product","link":"https:\/\/b2b-armangroup.com\/fr\/produit\/dubai-chocolate-100g-germiyan\/","title":{"rendered":"Germiyan \u2014 Chocolat Duba\u00ef au pistache 100 g"},"content":{"rendered":"","protected":false},"excerpt":{"rendered":"<p class=\"p1\">Germiyan Chocolat Duba\u00ef au pistache 100 g. Une tablette de chocolat luxueuse inspir\u00e9e des saveurs orientales, garnie de kada\u00eff croustillant et de cr\u00e8me de pistache onctueuse. Id\u00e9al en dessert ou \u00e0 offrir. Format : 100 g.<\/p>\n<p>3,49\u20ac per pack<\/p>","protected":false},"featured_media":12475,"comment_status":"open","ping_status":"closed","template":"","meta":{"_acf_changed":false},"product_brand":[],"product_cat":[174,197,260,186,218,239],"product_tag":[],"class_list":{"0":"post-12477","1":"product","2":"type-product","3":"status-publish","4":"has-post-thumbnail","6":"product_cat-all-collections","7":"product_cat-candies","8":"product_cat-new-products","9":"product_cat-sales","10":"product_cat-sweets","11":"product_cat-wafer","13":"first","14":"outofstock","15":"shipping-taxable","16":"product-type-simple"},"acf":[],"_links":{"self":[{"href":"https:\/\/b2b-armangroup.com\/fr\/wp-json\/wp\/v2\/product\/12477","targetHints":{"allow":["GET"]}}],"collection":[{"href":"https:\/\/b2b-armangroup.com\/fr\/wp-json\/wp\/v2\/product"}],"about":[{"href":"https:\/\/b2b-armangroup.com\/fr\/wp-json\/wp\/v2\/types\/product"}],"replies":[{"embeddable":true,"href":"https:\/\/b2b-armangroup.com\/fr\/wp-json\/wp\/v2\/comments?post=12477"}],"version-history":[{"count":2,"href":"https:\/\/b2b-armangroup.com\/fr\/wp-json\/wp\/v2\/product\/12477\/revisions"}],"predecessor-version":[{"id":13313,"href":"https:\/\/b2b-armangroup.com\/fr\/wp-json\/wp\/v2\/product\/12477\/revisions\/13313"}],"wp:featuredmedia":[{"embeddable":true,"href":"https:\/\/b2b-armangroup.com\/fr\/wp-json\/wp\/v2\/media\/12475"}],"wp:attachment":[{"href":"https:\/\/b2b-armangroup.com\/fr\/wp-json\/wp\/v2\/media?parent=12477"}],"wp:term":[{"taxonomy":"product_brand","embeddable":true,"href":"https:\/\/b2b-armangroup.com\/fr\/wp-json\/wp\/v2\/product_brand?post=12477"},{"taxonomy":"product_cat","embeddable":true,"href":"https:\/\/b2b-armangroup.com\/fr\/wp-json\/wp\/v2\/product_cat?post=12477"},{"taxonomy":"product_tag","embeddable":true,"href":"https:\/\/b2b-armangroup.com\/fr\/wp-json\/wp\/v2\/product_tag?post=12477"}],"curies":[{"name":"wp","href":"https:\/\/api.w.org\/{rel}","templated":true}]}}