{"id":12520,"date":"2025-06-05T17:08:37","date_gmt":"2025-06-05T13:08:37","guid":{"rendered":"https:\/\/b2b-armangroup.com\/?post_type=product&#038;p=12520"},"modified":"2025-12-22T17:04:47","modified_gmt":"2025-12-22T13:04:47","slug":"dried-thym-30g","status":"publish","type":"product","link":"https:\/\/b2b-armangroup.com\/fr\/produit\/dried-thym-30g\/","title":{"rendered":"Thym s\u00e9ch\u00e9 30g"},"content":{"rendered":"","protected":false},"excerpt":{"rendered":"<p class=\"p1\">Thym s\u00e9ch\u00e9 aromatique, connu pour sa saveur terreuse et l\u00e9g\u00e8rement menthol\u00e9e. Indispensable dans la cuisine arm\u00e9nienne, m\u00e9diterran\u00e9enne et europ\u00e9enne. Id\u00e9al pour les soupes, viandes grill\u00e9es, l\u00e9gumes, sauces et tisanes. Sachet pratique de 30g.<\/p>\n<p>1,30 \u20ac per pack<\/p>","protected":false},"featured_media":12521,"comment_status":"open","ping_status":"closed","template":"","meta":{"_acf_changed":false},"product_brand":[],"product_cat":[174,182,247,260],"product_tag":[],"class_list":{"0":"post-12520","1":"product","2":"type-product","3":"status-publish","4":"has-post-thumbnail","6":"product_cat-all-collections","7":"product_cat-dried-greens","8":"product_cat-groceries","9":"product_cat-new-products","11":"first","12":"outofstock","13":"shipping-taxable","14":"purchasable","15":"product-type-variable","16":"wvs-archive-product-wrapper"},"acf":[],"_links":{"self":[{"href":"https:\/\/b2b-armangroup.com\/fr\/wp-json\/wp\/v2\/product\/12520","targetHints":{"allow":["GET"]}}],"collection":[{"href":"https:\/\/b2b-armangroup.com\/fr\/wp-json\/wp\/v2\/product"}],"about":[{"href":"https:\/\/b2b-armangroup.com\/fr\/wp-json\/wp\/v2\/types\/product"}],"replies":[{"embeddable":true,"href":"https:\/\/b2b-armangroup.com\/fr\/wp-json\/wp\/v2\/comments?post=12520"}],"version-history":[{"count":3,"href":"https:\/\/b2b-armangroup.com\/fr\/wp-json\/wp\/v2\/product\/12520\/revisions"}],"predecessor-version":[{"id":14175,"href":"https:\/\/b2b-armangroup.com\/fr\/wp-json\/wp\/v2\/product\/12520\/revisions\/14175"}],"wp:featuredmedia":[{"embeddable":true,"href":"https:\/\/b2b-armangroup.com\/fr\/wp-json\/wp\/v2\/media\/12521"}],"wp:attachment":[{"href":"https:\/\/b2b-armangroup.com\/fr\/wp-json\/wp\/v2\/media?parent=12520"}],"wp:term":[{"taxonomy":"product_brand","embeddable":true,"href":"https:\/\/b2b-armangroup.com\/fr\/wp-json\/wp\/v2\/product_brand?post=12520"},{"taxonomy":"product_cat","embeddable":true,"href":"https:\/\/b2b-armangroup.com\/fr\/wp-json\/wp\/v2\/product_cat?post=12520"},{"taxonomy":"product_tag","embeddable":true,"href":"https:\/\/b2b-armangroup.com\/fr\/wp-json\/wp\/v2\/product_tag?post=12520"}],"curies":[{"name":"wp","href":"https:\/\/api.w.org\/{rel}","templated":true}]}}