{"id":12531,"date":"2025-06-05T18:21:19","date_gmt":"2025-06-05T14:21:19","guid":{"rendered":"https:\/\/b2b-armangroup.com\/?post_type=product&#038;p=12531"},"modified":"2025-10-19T20:36:32","modified_gmt":"2025-10-19T16:36:32","slug":"lucky-boy-jelly-panda-60g-jelly-bon-bon-with-toy-gift","status":"publish","type":"product","link":"https:\/\/b2b-armangroup.com\/fr\/produit\/lucky-boy-jelly-panda-60g-jelly-bon-bon-with-toy-gift\/","title":{"rendered":"Lucky Boy \u2014 Panda en gel\u00e9e 60 g (bonbons g\u00e9lifi\u00e9s avec jouet surprise)"},"content":{"rendered":"","protected":false},"excerpt":{"rendered":"<p class=\"p1\">Lucky Boy Panda en gel\u00e9e 60 g. Bonbons g\u00e9lifi\u00e9s ludiques pr\u00e9sent\u00e9s dans une jolie bo\u00eete en forme de panda, avec un jouet surprise \u00e0 l\u2019int\u00e9rieur. Une friandise amusante et savoureuse, id\u00e9ale pour les enfants, les f\u00eates ou les petits cadeaux. Format : 60 g.<\/p>\n<p>2,20\u20ac per pack<\/p>","protected":false},"featured_media":12532,"comment_status":"open","ping_status":"closed","template":"","meta":{"_acf_changed":false},"product_brand":[],"product_cat":[174,197,260,218],"product_tag":[],"class_list":{"0":"post-12531","1":"product","2":"type-product","3":"status-publish","4":"has-post-thumbnail","6":"product_cat-all-collections","7":"product_cat-candies","8":"product_cat-new-products","9":"product_cat-sweets","11":"first","12":"instock","13":"shipping-taxable","14":"purchasable","15":"product-type-variable","16":"wvs-archive-product-wrapper"},"acf":[],"_links":{"self":[{"href":"https:\/\/b2b-armangroup.com\/fr\/wp-json\/wp\/v2\/product\/12531","targetHints":{"allow":["GET"]}}],"collection":[{"href":"https:\/\/b2b-armangroup.com\/fr\/wp-json\/wp\/v2\/product"}],"about":[{"href":"https:\/\/b2b-armangroup.com\/fr\/wp-json\/wp\/v2\/types\/product"}],"replies":[{"embeddable":true,"href":"https:\/\/b2b-armangroup.com\/fr\/wp-json\/wp\/v2\/comments?post=12531"}],"version-history":[{"count":4,"href":"https:\/\/b2b-armangroup.com\/fr\/wp-json\/wp\/v2\/product\/12531\/revisions"}],"predecessor-version":[{"id":13701,"href":"https:\/\/b2b-armangroup.com\/fr\/wp-json\/wp\/v2\/product\/12531\/revisions\/13701"}],"wp:featuredmedia":[{"embeddable":true,"href":"https:\/\/b2b-armangroup.com\/fr\/wp-json\/wp\/v2\/media\/12532"}],"wp:attachment":[{"href":"https:\/\/b2b-armangroup.com\/fr\/wp-json\/wp\/v2\/media?parent=12531"}],"wp:term":[{"taxonomy":"product_brand","embeddable":true,"href":"https:\/\/b2b-armangroup.com\/fr\/wp-json\/wp\/v2\/product_brand?post=12531"},{"taxonomy":"product_cat","embeddable":true,"href":"https:\/\/b2b-armangroup.com\/fr\/wp-json\/wp\/v2\/product_cat?post=12531"},{"taxonomy":"product_tag","embeddable":true,"href":"https:\/\/b2b-armangroup.com\/fr\/wp-json\/wp\/v2\/product_tag?post=12531"}],"curies":[{"name":"wp","href":"https:\/\/api.w.org\/{rel}","templated":true}]}}