{"id":12645,"date":"2025-09-11T15:07:02","date_gmt":"2025-09-11T11:07:02","guid":{"rendered":"https:\/\/b2b-armangroup.com\/?post_type=product&#038;p=12645"},"modified":"2026-04-09T13:34:34","modified_gmt":"2026-04-09T09:34:34","slug":"corn-sticks-banana-300g-daroink","status":"publish","type":"product","link":"https:\/\/b2b-armangroup.com\/fr\/produit\/corn-sticks-banana-300g-daroink\/","title":{"rendered":"Daroink \u2014 B\u00e2tonnets de ma\u00efs \u00e0 la banane 300 g"},"content":{"rendered":"","protected":false},"excerpt":{"rendered":"<p class=\"p1\">Daroink B\u00e2tonnets de ma\u00efs \u00e0 la banane 300 g. B\u00e2tonnets l\u00e9gers et croustillants au doux go\u00fbt de banane. Une collation sucr\u00e9e et l\u00e9g\u00e8re, appr\u00e9ci\u00e9e par les enfants comme par les adultes. Id\u00e9al pour le go\u00fbter, les pique-niques ou une pause gourmande. Format : 300 g.<\/p>\n<p>1,40\u20ac per pack<\/p>","protected":false},"featured_media":12648,"comment_status":"open","ping_status":"closed","template":"","meta":{"_acf_changed":false},"product_brand":[],"product_cat":[174,178,201,260,226,218],"product_tag":[],"class_list":{"0":"post-12645","1":"product","2":"type-product","3":"status-publish","4":"has-post-thumbnail","6":"product_cat-all-collections","7":"product_cat-chips-sunflower-seeds-sweet-sticks","8":"product_cat-daroink","9":"product_cat-new-products","10":"product_cat-sweet-sticks","11":"product_cat-sweets","13":"first","14":"instock","15":"shipping-taxable","16":"purchasable","17":"product-type-variable","18":"wvs-archive-product-wrapper"},"acf":[],"_links":{"self":[{"href":"https:\/\/b2b-armangroup.com\/fr\/wp-json\/wp\/v2\/product\/12645","targetHints":{"allow":["GET"]}}],"collection":[{"href":"https:\/\/b2b-armangroup.com\/fr\/wp-json\/wp\/v2\/product"}],"about":[{"href":"https:\/\/b2b-armangroup.com\/fr\/wp-json\/wp\/v2\/types\/product"}],"replies":[{"embeddable":true,"href":"https:\/\/b2b-armangroup.com\/fr\/wp-json\/wp\/v2\/comments?post=12645"}],"version-history":[{"count":3,"href":"https:\/\/b2b-armangroup.com\/fr\/wp-json\/wp\/v2\/product\/12645\/revisions"}],"predecessor-version":[{"id":14373,"href":"https:\/\/b2b-armangroup.com\/fr\/wp-json\/wp\/v2\/product\/12645\/revisions\/14373"}],"wp:featuredmedia":[{"embeddable":true,"href":"https:\/\/b2b-armangroup.com\/fr\/wp-json\/wp\/v2\/media\/12648"}],"wp:attachment":[{"href":"https:\/\/b2b-armangroup.com\/fr\/wp-json\/wp\/v2\/media?parent=12645"}],"wp:term":[{"taxonomy":"product_brand","embeddable":true,"href":"https:\/\/b2b-armangroup.com\/fr\/wp-json\/wp\/v2\/product_brand?post=12645"},{"taxonomy":"product_cat","embeddable":true,"href":"https:\/\/b2b-armangroup.com\/fr\/wp-json\/wp\/v2\/product_cat?post=12645"},{"taxonomy":"product_tag","embeddable":true,"href":"https:\/\/b2b-armangroup.com\/fr\/wp-json\/wp\/v2\/product_tag?post=12645"}],"curies":[{"name":"wp","href":"https:\/\/api.w.org\/{rel}","templated":true}]}}