{"id":12718,"date":"2025-09-18T22:01:47","date_gmt":"2025-09-18T18:01:47","guid":{"rendered":"https:\/\/b2b-armangroup.com\/?post_type=product&#038;p=12718"},"modified":"2026-03-20T23:52:59","modified_gmt":"2026-03-20T19:52:59","slug":"betterave-a-frire-%d5%a2%d5%a1%d5%a6%d5%b8%d6%82%d5%af%d5%ab-%d5%b3%d5%a1%d5%be-%d5%bf%d5%a1%d5%ba%d5%a1%d5%af%d5%a1%d5%b5%d5%ab-680g-avshar","status":"publish","type":"product","link":"https:\/\/b2b-armangroup.com\/fr\/produit\/betterave-a-frire-%d5%a2%d5%a1%d5%a6%d5%b8%d6%82%d5%af%d5%ab-%d5%b3%d5%a1%d5%be-%d5%bf%d5%a1%d5%ba%d5%a1%d5%af%d5%a1%d5%b5%d5%ab-680g-avshar\/","title":{"rendered":"Avshar- Betterave \u00e0 frire -680 g"},"content":{"rendered":"","protected":false},"excerpt":{"rendered":"<p class=\"p1\">Avshar Betterave \u00e0 frire 680 g. Betteraves pr\u00e9par\u00e9es \u00e0 la fa\u00e7on arm\u00e9nienne, tendres et savoureuses. Id\u00e9ales en accompagnement, en salade ou comme garniture pour les plats de viande et de poisson.<\/p>\n<p>2,99\u20ac<\/p>","protected":false},"featured_media":16249,"comment_status":"open","ping_status":"closed","template":"","meta":{"_acf_changed":false},"product_brand":[],"product_cat":[174,194,176,198,260],"product_tag":[],"class_list":{"0":"post-12718","1":"product","2":"type-product","3":"status-publish","4":"has-post-thumbnail","6":"product_cat-all-collections","7":"product_cat-avshar","8":"product_cat-canned-goods","9":"product_cat-canned-vegetables-all-brands","10":"product_cat-new-products","12":"first","13":"outofstock","14":"shipping-taxable","15":"purchasable","16":"product-type-variable","17":"wvs-archive-product-wrapper"},"acf":[],"_links":{"self":[{"href":"https:\/\/b2b-armangroup.com\/fr\/wp-json\/wp\/v2\/product\/12718","targetHints":{"allow":["GET"]}}],"collection":[{"href":"https:\/\/b2b-armangroup.com\/fr\/wp-json\/wp\/v2\/product"}],"about":[{"href":"https:\/\/b2b-armangroup.com\/fr\/wp-json\/wp\/v2\/types\/product"}],"replies":[{"embeddable":true,"href":"https:\/\/b2b-armangroup.com\/fr\/wp-json\/wp\/v2\/comments?post=12718"}],"version-history":[{"count":4,"href":"https:\/\/b2b-armangroup.com\/fr\/wp-json\/wp\/v2\/product\/12718\/revisions"}],"predecessor-version":[{"id":13505,"href":"https:\/\/b2b-armangroup.com\/fr\/wp-json\/wp\/v2\/product\/12718\/revisions\/13505"}],"wp:featuredmedia":[{"embeddable":true,"href":"https:\/\/b2b-armangroup.com\/fr\/wp-json\/wp\/v2\/media\/16249"}],"wp:attachment":[{"href":"https:\/\/b2b-armangroup.com\/fr\/wp-json\/wp\/v2\/media?parent=12718"}],"wp:term":[{"taxonomy":"product_brand","embeddable":true,"href":"https:\/\/b2b-armangroup.com\/fr\/wp-json\/wp\/v2\/product_brand?post=12718"},{"taxonomy":"product_cat","embeddable":true,"href":"https:\/\/b2b-armangroup.com\/fr\/wp-json\/wp\/v2\/product_cat?post=12718"},{"taxonomy":"product_tag","embeddable":true,"href":"https:\/\/b2b-armangroup.com\/fr\/wp-json\/wp\/v2\/product_tag?post=12718"}],"curies":[{"name":"wp","href":"https:\/\/api.w.org\/{rel}","templated":true}]}}