{"id":12723,"date":"2025-09-18T22:16:59","date_gmt":"2025-09-18T18:16:59","guid":{"rendered":"https:\/\/b2b-armangroup.com\/?post_type=product&#038;p=12723"},"modified":"2026-03-20T23:51:12","modified_gmt":"2026-03-20T19:51:12","slug":"falcaria-a-frire-%d5%bd%d5%ab%d5%a2%d5%a5%d5%ad-%d5%bf%d5%a1%d5%ba%d5%a1%d5%af%d5%a1%d5%b5%d5%ab-680g-avshar","status":"publish","type":"product","link":"https:\/\/b2b-armangroup.com\/fr\/produit\/falcaria-a-frire-%d5%bd%d5%ab%d5%a2%d5%a5%d5%ad-%d5%bf%d5%a1%d5%ba%d5%a1%d5%af%d5%a1%d5%b5%d5%ab-680g-avshar\/","title":{"rendered":"Avshar- Falcarie \u00e0 Sibekh -680 g"},"content":{"rendered":"","protected":false},"excerpt":{"rendered":"<p class=\"p1\">Avshar Falcarie \u00e0 Sibekh 680 g. D\u00e9licates herbes arm\u00e9niennes (falcaria) frites et conserv\u00e9es pour r\u00e9v\u00e9ler une saveur authentique et l\u00e9g\u00e8rement terreuse. Id\u00e9ales avec des pommes de terre, des \u0153ufs ou en entr\u00e9e froide.<\/p>\n<p>2.99\u20ac<\/p>\n<p>&nbsp;<\/p>","protected":false},"featured_media":16247,"comment_status":"open","ping_status":"closed","template":"","meta":{"_acf_changed":false},"product_brand":[],"product_cat":[174,194,176,198,260],"product_tag":[],"class_list":{"0":"post-12723","1":"product","2":"type-product","3":"status-publish","4":"has-post-thumbnail","6":"product_cat-all-collections","7":"product_cat-avshar","8":"product_cat-canned-goods","9":"product_cat-canned-vegetables-all-brands","10":"product_cat-new-products","12":"first","13":"outofstock","14":"shipping-taxable","15":"product-type-simple"},"acf":[],"_links":{"self":[{"href":"https:\/\/b2b-armangroup.com\/fr\/wp-json\/wp\/v2\/product\/12723","targetHints":{"allow":["GET"]}}],"collection":[{"href":"https:\/\/b2b-armangroup.com\/fr\/wp-json\/wp\/v2\/product"}],"about":[{"href":"https:\/\/b2b-armangroup.com\/fr\/wp-json\/wp\/v2\/types\/product"}],"replies":[{"embeddable":true,"href":"https:\/\/b2b-armangroup.com\/fr\/wp-json\/wp\/v2\/comments?post=12723"}],"version-history":[{"count":7,"href":"https:\/\/b2b-armangroup.com\/fr\/wp-json\/wp\/v2\/product\/12723\/revisions"}],"predecessor-version":[{"id":13506,"href":"https:\/\/b2b-armangroup.com\/fr\/wp-json\/wp\/v2\/product\/12723\/revisions\/13506"}],"wp:featuredmedia":[{"embeddable":true,"href":"https:\/\/b2b-armangroup.com\/fr\/wp-json\/wp\/v2\/media\/16247"}],"wp:attachment":[{"href":"https:\/\/b2b-armangroup.com\/fr\/wp-json\/wp\/v2\/media?parent=12723"}],"wp:term":[{"taxonomy":"product_brand","embeddable":true,"href":"https:\/\/b2b-armangroup.com\/fr\/wp-json\/wp\/v2\/product_brand?post=12723"},{"taxonomy":"product_cat","embeddable":true,"href":"https:\/\/b2b-armangroup.com\/fr\/wp-json\/wp\/v2\/product_cat?post=12723"},{"taxonomy":"product_tag","embeddable":true,"href":"https:\/\/b2b-armangroup.com\/fr\/wp-json\/wp\/v2\/product_tag?post=12723"}],"curies":[{"name":"wp","href":"https:\/\/api.w.org\/{rel}","templated":true}]}}