{"id":12731,"date":"2025-09-18T22:33:07","date_gmt":"2025-09-18T18:33:07","guid":{"rendered":"https:\/\/b2b-armangroup.com\/?post_type=product&#038;p=12731"},"modified":"2026-03-19T09:40:12","modified_gmt":"2026-03-19T05:40:12","slug":"xandzil-690g-avshar","status":"publish","type":"product","link":"https:\/\/b2b-armangroup.com\/fr\/produit\/xandzil-690g-avshar\/","title":{"rendered":"Avshar- Xandzil -690 g"},"content":{"rendered":"","protected":false},"excerpt":{"rendered":"<p class=\"p1\">Avshar Xandzil 690 g. Herbe arm\u00e9nienne de montagne, au go\u00fbt doux rappelant l\u2019oignon et l\u2019ail, pr\u00e9serv\u00e9e selon une m\u00e9thode traditionnelle. D\u00e9licieuse en entr\u00e9e froide ou avec des plats grill\u00e9s.<\/p>\n<p class=\"p2\"><b>Bo\u00eete de 8 bocaux.<\/b><\/p>\n<p>2.99\u20ac<\/p>","protected":false},"featured_media":16217,"comment_status":"open","ping_status":"closed","template":"","meta":{"_acf_changed":false},"product_brand":[],"product_cat":[174,194,176,198,260],"product_tag":[],"class_list":{"0":"post-12731","1":"product","2":"type-product","3":"status-publish","4":"has-post-thumbnail","6":"product_cat-all-collections","7":"product_cat-avshar","8":"product_cat-canned-goods","9":"product_cat-canned-vegetables-all-brands","10":"product_cat-new-products","12":"first","13":"outofstock","14":"shipping-taxable","15":"purchasable","16":"product-type-variable","17":"wvs-archive-product-wrapper"},"acf":[],"_links":{"self":[{"href":"https:\/\/b2b-armangroup.com\/fr\/wp-json\/wp\/v2\/product\/12731","targetHints":{"allow":["GET"]}}],"collection":[{"href":"https:\/\/b2b-armangroup.com\/fr\/wp-json\/wp\/v2\/product"}],"about":[{"href":"https:\/\/b2b-armangroup.com\/fr\/wp-json\/wp\/v2\/types\/product"}],"replies":[{"embeddable":true,"href":"https:\/\/b2b-armangroup.com\/fr\/wp-json\/wp\/v2\/comments?post=12731"}],"version-history":[{"count":5,"href":"https:\/\/b2b-armangroup.com\/fr\/wp-json\/wp\/v2\/product\/12731\/revisions"}],"predecessor-version":[{"id":13507,"href":"https:\/\/b2b-armangroup.com\/fr\/wp-json\/wp\/v2\/product\/12731\/revisions\/13507"}],"wp:featuredmedia":[{"embeddable":true,"href":"https:\/\/b2b-armangroup.com\/fr\/wp-json\/wp\/v2\/media\/16217"}],"wp:attachment":[{"href":"https:\/\/b2b-armangroup.com\/fr\/wp-json\/wp\/v2\/media?parent=12731"}],"wp:term":[{"taxonomy":"product_brand","embeddable":true,"href":"https:\/\/b2b-armangroup.com\/fr\/wp-json\/wp\/v2\/product_brand?post=12731"},{"taxonomy":"product_cat","embeddable":true,"href":"https:\/\/b2b-armangroup.com\/fr\/wp-json\/wp\/v2\/product_cat?post=12731"},{"taxonomy":"product_tag","embeddable":true,"href":"https:\/\/b2b-armangroup.com\/fr\/wp-json\/wp\/v2\/product_tag?post=12731"}],"curies":[{"name":"wp","href":"https:\/\/api.w.org\/{rel}","templated":true}]}}