{"id":12744,"date":"2025-09-18T22:51:16","date_gmt":"2025-09-18T18:51:16","guid":{"rendered":"https:\/\/b2b-armangroup.com\/?post_type=product&#038;p=12744"},"modified":"2026-03-20T00:10:33","modified_gmt":"2026-03-19T20:10:33","slug":"tomates-conserves-dans-sont-jus-1000g-avshar","status":"publish","type":"product","link":"https:\/\/b2b-armangroup.com\/fr\/produit\/tomates-conserves-dans-sont-jus-1000g-avshar\/","title":{"rendered":"Avshar -Tomates conserv\u00e9es dans leur jus -1000 g"},"content":{"rendered":"","protected":false},"excerpt":{"rendered":"<p class=\"p1\">Avshar Tomates conserv\u00e9es dans leur jus 1000 g. Tomates enti\u00e8res m\u00fbres, conserv\u00e9es dans leur propre jus. Pleines de saveur \u2014 parfaites pour les rago\u00fbts, soupes et sauces.<\/p>\n<p class=\"p2\"><b>Bo\u00eete de 6 bocaux.<\/b><\/p>\n<p>2,80\u20ac<\/p>","protected":false},"featured_media":16234,"comment_status":"open","ping_status":"closed","template":"","meta":{"_acf_changed":false},"product_brand":[],"product_cat":[174,194,176,198,260],"product_tag":[],"class_list":{"0":"post-12744","1":"product","2":"type-product","3":"status-publish","4":"has-post-thumbnail","6":"product_cat-all-collections","7":"product_cat-avshar","8":"product_cat-canned-goods","9":"product_cat-canned-vegetables-all-brands","10":"product_cat-new-products","12":"first","13":"instock","14":"shipping-taxable","15":"purchasable","16":"product-type-variable","17":"wvs-archive-product-wrapper"},"acf":[],"_links":{"self":[{"href":"https:\/\/b2b-armangroup.com\/fr\/wp-json\/wp\/v2\/product\/12744","targetHints":{"allow":["GET"]}}],"collection":[{"href":"https:\/\/b2b-armangroup.com\/fr\/wp-json\/wp\/v2\/product"}],"about":[{"href":"https:\/\/b2b-armangroup.com\/fr\/wp-json\/wp\/v2\/types\/product"}],"replies":[{"embeddable":true,"href":"https:\/\/b2b-armangroup.com\/fr\/wp-json\/wp\/v2\/comments?post=12744"}],"version-history":[{"count":5,"href":"https:\/\/b2b-armangroup.com\/fr\/wp-json\/wp\/v2\/product\/12744\/revisions"}],"predecessor-version":[{"id":13509,"href":"https:\/\/b2b-armangroup.com\/fr\/wp-json\/wp\/v2\/product\/12744\/revisions\/13509"}],"wp:featuredmedia":[{"embeddable":true,"href":"https:\/\/b2b-armangroup.com\/fr\/wp-json\/wp\/v2\/media\/16234"}],"wp:attachment":[{"href":"https:\/\/b2b-armangroup.com\/fr\/wp-json\/wp\/v2\/media?parent=12744"}],"wp:term":[{"taxonomy":"product_brand","embeddable":true,"href":"https:\/\/b2b-armangroup.com\/fr\/wp-json\/wp\/v2\/product_brand?post=12744"},{"taxonomy":"product_cat","embeddable":true,"href":"https:\/\/b2b-armangroup.com\/fr\/wp-json\/wp\/v2\/product_cat?post=12744"},{"taxonomy":"product_tag","embeddable":true,"href":"https:\/\/b2b-armangroup.com\/fr\/wp-json\/wp\/v2\/product_tag?post=12744"}],"curies":[{"name":"wp","href":"https:\/\/api.w.org\/{rel}","templated":true}]}}