{"id":12757,"date":"2025-09-18T23:14:35","date_gmt":"2025-09-18T19:14:35","guid":{"rendered":"https:\/\/b2b-armangroup.com\/?post_type=product&#038;p=12757"},"modified":"2026-02-26T00:39:04","modified_gmt":"2026-02-25T20:39:04","slug":"compote-de-peche-1l-avshar","status":"publish","type":"product","link":"https:\/\/b2b-armangroup.com\/fr\/produit\/compote-de-peche-1l-avshar\/","title":{"rendered":"Avshar \u2014 Compote de p\u00eache \u2014 1l"},"content":{"rendered":"","protected":false},"excerpt":{"rendered":"<blockquote>\n<p class=\"p1\">Avshar Compote de p\u00eache 1L. Boisson arm\u00e9nienne naturellement sucr\u00e9e, pr\u00e9par\u00e9e \u00e0 partir de p\u00eaches m\u00fbries au soleil et conserv\u00e9es dans un sirop l\u00e9ger. Son ar\u00f4me d\u00e9licat et son go\u00fbt doux rappellent la fra\u00eecheur des fruits d\u2019\u00e9t\u00e9. \u00c0 servir frais pour un plaisir sain et rafra\u00eechissant.<\/p>\n<\/blockquote>\n<p>3,50\u20ac<\/p>","protected":false},"featured_media":14953,"comment_status":"open","ping_status":"closed","template":"","meta":{"_acf_changed":false},"product_brand":[],"product_cat":[174,188,221,260],"product_tag":[],"class_list":{"0":"post-12757","1":"product","2":"type-product","3":"status-publish","4":"has-post-thumbnail","6":"product_cat-all-collections","7":"product_cat-drinks-beverages","8":"product_cat-compotes","9":"product_cat-new-products","11":"first","12":"outofstock","13":"shipping-taxable","14":"purchasable","15":"product-type-variable","16":"wvs-archive-product-wrapper"},"acf":[],"_links":{"self":[{"href":"https:\/\/b2b-armangroup.com\/fr\/wp-json\/wp\/v2\/product\/12757","targetHints":{"allow":["GET"]}}],"collection":[{"href":"https:\/\/b2b-armangroup.com\/fr\/wp-json\/wp\/v2\/product"}],"about":[{"href":"https:\/\/b2b-armangroup.com\/fr\/wp-json\/wp\/v2\/types\/product"}],"replies":[{"embeddable":true,"href":"https:\/\/b2b-armangroup.com\/fr\/wp-json\/wp\/v2\/comments?post=12757"}],"version-history":[{"count":5,"href":"https:\/\/b2b-armangroup.com\/fr\/wp-json\/wp\/v2\/product\/12757\/revisions"}],"predecessor-version":[{"id":15731,"href":"https:\/\/b2b-armangroup.com\/fr\/wp-json\/wp\/v2\/product\/12757\/revisions\/15731"}],"wp:featuredmedia":[{"embeddable":true,"href":"https:\/\/b2b-armangroup.com\/fr\/wp-json\/wp\/v2\/media\/14953"}],"wp:attachment":[{"href":"https:\/\/b2b-armangroup.com\/fr\/wp-json\/wp\/v2\/media?parent=12757"}],"wp:term":[{"taxonomy":"product_brand","embeddable":true,"href":"https:\/\/b2b-armangroup.com\/fr\/wp-json\/wp\/v2\/product_brand?post=12757"},{"taxonomy":"product_cat","embeddable":true,"href":"https:\/\/b2b-armangroup.com\/fr\/wp-json\/wp\/v2\/product_cat?post=12757"},{"taxonomy":"product_tag","embeddable":true,"href":"https:\/\/b2b-armangroup.com\/fr\/wp-json\/wp\/v2\/product_tag?post=12757"}],"curies":[{"name":"wp","href":"https:\/\/api.w.org\/{rel}","templated":true}]}}