{"id":12761,"date":"2025-09-18T23:17:48","date_gmt":"2025-09-18T19:17:48","guid":{"rendered":"https:\/\/b2b-armangroup.com\/?post_type=product&#038;p=12761"},"modified":"2026-03-25T00:09:27","modified_gmt":"2026-03-24T20:09:27","slug":"jus-dabricot-1l-avshar","status":"publish","type":"product","link":"https:\/\/b2b-armangroup.com\/fr\/produit\/jus-dabricot-1l-avshar\/","title":{"rendered":"Avshar \u2014 Jus d\u2019abricot \u2014 1L"},"content":{"rendered":"","protected":false},"excerpt":{"rendered":"<p class=\"p1\">Avshar Jus d\u2019abricot 1L. \u00c9labor\u00e9 \u00e0 partir d\u2019abricots arm\u00e9niens juteux, ce jus naturel offre une texture velout\u00e9e et un go\u00fbt fruit\u00e9 d\u00e9licatement sucr\u00e9. Source de vitamines A et C, il est \u00e0 la fois nutritif et rafra\u00eechissant \u2014 parfait pour le petit-d\u00e9jeuner ou \u00e0 tout moment de la journ\u00e9e. Sans conservateurs ni colorants artificiels.<\/p>\n<p>2,99\u20ac<\/p>","protected":false},"featured_media":14964,"comment_status":"open","ping_status":"closed","template":"","meta":{"_acf_changed":false},"product_brand":[],"product_cat":[174,188,220,260],"product_tag":[],"class_list":{"0":"post-12761","1":"product","2":"type-product","3":"status-publish","4":"has-post-thumbnail","6":"product_cat-all-collections","7":"product_cat-drinks-beverages","8":"product_cat-juice","9":"product_cat-new-products","11":"first","12":"instock","13":"shipping-taxable","14":"purchasable","15":"product-type-variable","16":"wvs-archive-product-wrapper"},"acf":[],"_links":{"self":[{"href":"https:\/\/b2b-armangroup.com\/fr\/wp-json\/wp\/v2\/product\/12761","targetHints":{"allow":["GET"]}}],"collection":[{"href":"https:\/\/b2b-armangroup.com\/fr\/wp-json\/wp\/v2\/product"}],"about":[{"href":"https:\/\/b2b-armangroup.com\/fr\/wp-json\/wp\/v2\/types\/product"}],"replies":[{"embeddable":true,"href":"https:\/\/b2b-armangroup.com\/fr\/wp-json\/wp\/v2\/comments?post=12761"}],"version-history":[{"count":4,"href":"https:\/\/b2b-armangroup.com\/fr\/wp-json\/wp\/v2\/product\/12761\/revisions"}],"predecessor-version":[{"id":16287,"href":"https:\/\/b2b-armangroup.com\/fr\/wp-json\/wp\/v2\/product\/12761\/revisions\/16287"}],"wp:featuredmedia":[{"embeddable":true,"href":"https:\/\/b2b-armangroup.com\/fr\/wp-json\/wp\/v2\/media\/14964"}],"wp:attachment":[{"href":"https:\/\/b2b-armangroup.com\/fr\/wp-json\/wp\/v2\/media?parent=12761"}],"wp:term":[{"taxonomy":"product_brand","embeddable":true,"href":"https:\/\/b2b-armangroup.com\/fr\/wp-json\/wp\/v2\/product_brand?post=12761"},{"taxonomy":"product_cat","embeddable":true,"href":"https:\/\/b2b-armangroup.com\/fr\/wp-json\/wp\/v2\/product_cat?post=12761"},{"taxonomy":"product_tag","embeddable":true,"href":"https:\/\/b2b-armangroup.com\/fr\/wp-json\/wp\/v2\/product_tag?post=12761"}],"curies":[{"name":"wp","href":"https:\/\/api.w.org\/{rel}","templated":true}]}}