{"id":12766,"date":"2025-09-18T23:22:03","date_gmt":"2025-09-18T19:22:03","guid":{"rendered":"https:\/\/b2b-armangroup.com\/?post_type=product&#038;p=12766"},"modified":"2025-12-12T15:14:15","modified_gmt":"2025-12-12T11:14:15","slug":"jus-de-peche-1l-avshar","status":"publish","type":"product","link":"https:\/\/b2b-armangroup.com\/fr\/produit\/jus-de-peche-1l-avshar\/","title":{"rendered":"Avshar \u2014 Jus de p\u00eache \u2014 1L"},"content":{"rendered":"","protected":false},"excerpt":{"rendered":"<p class=\"p1\">Avshar Jus de p\u00eache 1L. Pr\u00e9par\u00e9 \u00e0 partir de p\u00eaches arm\u00e9niennes m\u00fbres et parfum\u00e9es, ce jus naturel r\u00e9v\u00e8le une douceur d\u00e9licate et un l\u00e9ger ar\u00f4me floral. Riche en vitamines et antioxydants, c\u2019est une boisson saine et rafra\u00eechissante pour tout moment de la journ\u00e9e. Sans conservateurs ni sucre ajout\u00e9.<\/p>\n<p>2,20\u20ac<\/p>","protected":false},"featured_media":14968,"comment_status":"open","ping_status":"closed","template":"","meta":{"_acf_changed":false},"product_brand":[],"product_cat":[174,188,220,260],"product_tag":[],"class_list":{"0":"post-12766","1":"product","2":"type-product","3":"status-publish","4":"has-post-thumbnail","6":"product_cat-all-collections","7":"product_cat-drinks-beverages","8":"product_cat-juice","9":"product_cat-new-products","11":"first","12":"outofstock","13":"shipping-taxable","14":"purchasable","15":"product-type-variable","16":"wvs-archive-product-wrapper"},"acf":[],"_links":{"self":[{"href":"https:\/\/b2b-armangroup.com\/fr\/wp-json\/wp\/v2\/product\/12766","targetHints":{"allow":["GET"]}}],"collection":[{"href":"https:\/\/b2b-armangroup.com\/fr\/wp-json\/wp\/v2\/product"}],"about":[{"href":"https:\/\/b2b-armangroup.com\/fr\/wp-json\/wp\/v2\/types\/product"}],"replies":[{"embeddable":true,"href":"https:\/\/b2b-armangroup.com\/fr\/wp-json\/wp\/v2\/comments?post=12766"}],"version-history":[{"count":2,"href":"https:\/\/b2b-armangroup.com\/fr\/wp-json\/wp\/v2\/product\/12766\/revisions"}],"predecessor-version":[{"id":13632,"href":"https:\/\/b2b-armangroup.com\/fr\/wp-json\/wp\/v2\/product\/12766\/revisions\/13632"}],"wp:featuredmedia":[{"embeddable":true,"href":"https:\/\/b2b-armangroup.com\/fr\/wp-json\/wp\/v2\/media\/14968"}],"wp:attachment":[{"href":"https:\/\/b2b-armangroup.com\/fr\/wp-json\/wp\/v2\/media?parent=12766"}],"wp:term":[{"taxonomy":"product_brand","embeddable":true,"href":"https:\/\/b2b-armangroup.com\/fr\/wp-json\/wp\/v2\/product_brand?post=12766"},{"taxonomy":"product_cat","embeddable":true,"href":"https:\/\/b2b-armangroup.com\/fr\/wp-json\/wp\/v2\/product_cat?post=12766"},{"taxonomy":"product_tag","embeddable":true,"href":"https:\/\/b2b-armangroup.com\/fr\/wp-json\/wp\/v2\/product_tag?post=12766"}],"curies":[{"name":"wp","href":"https:\/\/api.w.org\/{rel}","templated":true}]}}