{"id":12770,"date":"2025-09-18T23:25:41","date_gmt":"2025-09-18T19:25:41","guid":{"rendered":"https:\/\/b2b-armangroup.com\/?post_type=product&#038;p=12770"},"modified":"2026-02-26T00:37:31","modified_gmt":"2026-02-25T20:37:31","slug":"compote-de-coing-1l-avshar","status":"publish","type":"product","link":"https:\/\/b2b-armangroup.com\/fr\/produit\/compote-de-coing-1l-avshar\/","title":{"rendered":"Ararat -Compote de coing -1l"},"content":{"rendered":"","protected":false},"excerpt":{"rendered":"<p class=\"p1\">Avshar Compote de coing 1L. Boisson arm\u00e9nienne d\u00e9licate et parfum\u00e9e, pr\u00e9par\u00e9e \u00e0 partir de coings m\u00fbrs conserv\u00e9s dans un sirop l\u00e9ger. Sa couleur dor\u00e9e et sa saveur l\u00e9g\u00e8rement acidul\u00e9e offrent une exp\u00e9rience gustative naturelle et rafra\u00eechissante. \u00c0 servir frais, en accompagnement de vos plats ou desserts.<\/p>\n<p>2,20\u20ac<\/p>","protected":false},"featured_media":14954,"comment_status":"open","ping_status":"closed","template":"","meta":{"_acf_changed":false},"product_brand":[],"product_cat":[174,188,221,260],"product_tag":[],"class_list":{"0":"post-12770","1":"product","2":"type-product","3":"status-publish","4":"has-post-thumbnail","6":"product_cat-all-collections","7":"product_cat-drinks-beverages","8":"product_cat-compotes","9":"product_cat-new-products","11":"first","12":"outofstock","13":"featured","14":"shipping-taxable","15":"product-type-variable","16":"wvs-archive-product-wrapper"},"acf":[],"_links":{"self":[{"href":"https:\/\/b2b-armangroup.com\/fr\/wp-json\/wp\/v2\/product\/12770","targetHints":{"allow":["GET"]}}],"collection":[{"href":"https:\/\/b2b-armangroup.com\/fr\/wp-json\/wp\/v2\/product"}],"about":[{"href":"https:\/\/b2b-armangroup.com\/fr\/wp-json\/wp\/v2\/types\/product"}],"replies":[{"embeddable":true,"href":"https:\/\/b2b-armangroup.com\/fr\/wp-json\/wp\/v2\/comments?post=12770"}],"version-history":[{"count":4,"href":"https:\/\/b2b-armangroup.com\/fr\/wp-json\/wp\/v2\/product\/12770\/revisions"}],"predecessor-version":[{"id":15730,"href":"https:\/\/b2b-armangroup.com\/fr\/wp-json\/wp\/v2\/product\/12770\/revisions\/15730"}],"wp:featuredmedia":[{"embeddable":true,"href":"https:\/\/b2b-armangroup.com\/fr\/wp-json\/wp\/v2\/media\/14954"}],"wp:attachment":[{"href":"https:\/\/b2b-armangroup.com\/fr\/wp-json\/wp\/v2\/media?parent=12770"}],"wp:term":[{"taxonomy":"product_brand","embeddable":true,"href":"https:\/\/b2b-armangroup.com\/fr\/wp-json\/wp\/v2\/product_brand?post=12770"},{"taxonomy":"product_cat","embeddable":true,"href":"https:\/\/b2b-armangroup.com\/fr\/wp-json\/wp\/v2\/product_cat?post=12770"},{"taxonomy":"product_tag","embeddable":true,"href":"https:\/\/b2b-armangroup.com\/fr\/wp-json\/wp\/v2\/product_tag?post=12770"}],"curies":[{"name":"wp","href":"https:\/\/api.w.org\/{rel}","templated":true}]}}