{"id":12798,"date":"2025-09-18T23:55:28","date_gmt":"2025-09-18T19:55:28","guid":{"rendered":"https:\/\/b2b-armangroup.com\/?post_type=product&#038;p=12798"},"modified":"2026-04-09T13:15:56","modified_gmt":"2026-04-09T09:15:56","slug":"jus-de-cornouille-1l-avshar","status":"publish","type":"product","link":"https:\/\/b2b-armangroup.com\/fr\/produit\/jus-de-cornouille-1l-avshar\/","title":{"rendered":"Avshar \u2014 Jus de cornouille \u2014 1L"},"content":{"rendered":"","protected":false},"excerpt":{"rendered":"<p class=\"p1\">Avshar Jus de cornouille 1L. Pr\u00e9par\u00e9 \u00e0 partir de cornouilles sauvages soigneusement cueillies, ce jus naturel offre une couleur rouge \u00e9clatante et un go\u00fbt d\u00e9licatement acidul\u00e9. Riche en vitamine C et antioxydants, c\u2019est une boisson saine et rafra\u00eechissante \u00e0 d\u00e9guster bien fra\u00eeche.<\/p>\n<p>2,20\u20ac<\/p>","protected":false},"featured_media":14966,"comment_status":"open","ping_status":"closed","template":"","meta":{"_acf_changed":false},"product_brand":[],"product_cat":[174,188,220,260],"product_tag":[],"class_list":{"0":"post-12798","1":"product","2":"type-product","3":"status-publish","4":"has-post-thumbnail","6":"product_cat-all-collections","7":"product_cat-drinks-beverages","8":"product_cat-juice","9":"product_cat-new-products","11":"first","12":"outofstock","13":"shipping-taxable","14":"purchasable","15":"product-type-variable","16":"wvs-archive-product-wrapper"},"acf":[],"_links":{"self":[{"href":"https:\/\/b2b-armangroup.com\/fr\/wp-json\/wp\/v2\/product\/12798","targetHints":{"allow":["GET"]}}],"collection":[{"href":"https:\/\/b2b-armangroup.com\/fr\/wp-json\/wp\/v2\/product"}],"about":[{"href":"https:\/\/b2b-armangroup.com\/fr\/wp-json\/wp\/v2\/types\/product"}],"replies":[{"embeddable":true,"href":"https:\/\/b2b-armangroup.com\/fr\/wp-json\/wp\/v2\/comments?post=12798"}],"version-history":[{"count":3,"href":"https:\/\/b2b-armangroup.com\/fr\/wp-json\/wp\/v2\/product\/12798\/revisions"}],"predecessor-version":[{"id":13634,"href":"https:\/\/b2b-armangroup.com\/fr\/wp-json\/wp\/v2\/product\/12798\/revisions\/13634"}],"wp:featuredmedia":[{"embeddable":true,"href":"https:\/\/b2b-armangroup.com\/fr\/wp-json\/wp\/v2\/media\/14966"}],"wp:attachment":[{"href":"https:\/\/b2b-armangroup.com\/fr\/wp-json\/wp\/v2\/media?parent=12798"}],"wp:term":[{"taxonomy":"product_brand","embeddable":true,"href":"https:\/\/b2b-armangroup.com\/fr\/wp-json\/wp\/v2\/product_brand?post=12798"},{"taxonomy":"product_cat","embeddable":true,"href":"https:\/\/b2b-armangroup.com\/fr\/wp-json\/wp\/v2\/product_cat?post=12798"},{"taxonomy":"product_tag","embeddable":true,"href":"https:\/\/b2b-armangroup.com\/fr\/wp-json\/wp\/v2\/product_tag?post=12798"}],"curies":[{"name":"wp","href":"https:\/\/api.w.org\/{rel}","templated":true}]}}