{"id":12893,"date":"2025-10-03T13:20:18","date_gmt":"2025-10-03T09:20:18","guid":{"rendered":"https:\/\/b2b-armangroup.com\/?post_type=product&#038;p=12893"},"modified":"2026-03-31T12:43:03","modified_gmt":"2026-03-31T08:43:03","slug":"kotayk-gold-1l-plastic-bottle","status":"publish","type":"product","link":"https:\/\/b2b-armangroup.com\/fr\/produit\/kotayk-gold-1l-plastic-bottle\/","title":{"rendered":"Bi\u00e8re Kotayk Gold \u2013 1L"},"content":{"rendered":"","protected":false},"excerpt":{"rendered":"<p class=\"p1\">Kotayk Gold est une bi\u00e8re blonde arm\u00e9nienne premium, r\u00e9put\u00e9e pour son go\u00fbt rafra\u00eechissant et sa l\u00e9g\u00e8ret\u00e9. Disponible en bouteille plastique de 1L, id\u00e9ale \u00e0 partager ou \u00e0 d\u00e9guster bien frais.<\/p>\n<p>1,99\u20ac la bouteille<\/p>","protected":false},"featured_media":14705,"comment_status":"open","ping_status":"closed","template":"","meta":{"_acf_changed":false},"product_brand":[],"product_cat":[174,195,188,260],"product_tag":[],"class_list":{"0":"post-12893","1":"product","2":"type-product","3":"status-publish","4":"has-post-thumbnail","6":"product_cat-all-collections","7":"product_cat-beer","8":"product_cat-drinks-beverages","9":"product_cat-new-products","11":"first","12":"outofstock","13":"shipping-taxable","14":"purchasable","15":"product-type-variable","16":"wvs-archive-product-wrapper"},"acf":[],"_links":{"self":[{"href":"https:\/\/b2b-armangroup.com\/fr\/wp-json\/wp\/v2\/product\/12893","targetHints":{"allow":["GET"]}}],"collection":[{"href":"https:\/\/b2b-armangroup.com\/fr\/wp-json\/wp\/v2\/product"}],"about":[{"href":"https:\/\/b2b-armangroup.com\/fr\/wp-json\/wp\/v2\/types\/product"}],"replies":[{"embeddable":true,"href":"https:\/\/b2b-armangroup.com\/fr\/wp-json\/wp\/v2\/comments?post=12893"}],"version-history":[{"count":7,"href":"https:\/\/b2b-armangroup.com\/fr\/wp-json\/wp\/v2\/product\/12893\/revisions"}],"predecessor-version":[{"id":15644,"href":"https:\/\/b2b-armangroup.com\/fr\/wp-json\/wp\/v2\/product\/12893\/revisions\/15644"}],"wp:featuredmedia":[{"embeddable":true,"href":"https:\/\/b2b-armangroup.com\/fr\/wp-json\/wp\/v2\/media\/14705"}],"wp:attachment":[{"href":"https:\/\/b2b-armangroup.com\/fr\/wp-json\/wp\/v2\/media?parent=12893"}],"wp:term":[{"taxonomy":"product_brand","embeddable":true,"href":"https:\/\/b2b-armangroup.com\/fr\/wp-json\/wp\/v2\/product_brand?post=12893"},{"taxonomy":"product_cat","embeddable":true,"href":"https:\/\/b2b-armangroup.com\/fr\/wp-json\/wp\/v2\/product_cat?post=12893"},{"taxonomy":"product_tag","embeddable":true,"href":"https:\/\/b2b-armangroup.com\/fr\/wp-json\/wp\/v2\/product_tag?post=12893"}],"curies":[{"name":"wp","href":"https:\/\/api.w.org\/{rel}","templated":true}]}}