{"id":12907,"date":"2025-10-03T17:22:20","date_gmt":"2025-10-03T13:22:20","guid":{"rendered":"https:\/\/b2b-armangroup.com\/?post_type=product&#038;p=12907"},"modified":"2026-02-11T17:46:33","modified_gmt":"2026-02-11T13:46:33","slug":"brandy-artashat-10-years-05l","status":"publish","type":"product","link":"https:\/\/b2b-armangroup.com\/fr\/produit\/brandy-artashat-10-years-05l\/","title":{"rendered":"Brandy Artashat 10 Ans \u2013 0,5L"},"content":{"rendered":"","protected":false},"excerpt":{"rendered":"<p class=\"p1\">Le Brandy Artashat 10 Ans est un cognac arm\u00e9nien haut de gamme vieilli pendant dix ans. Il s\u00e9duit par son ar\u00f4me raffin\u00e9, sa texture douce et sa finale persistante.<\/p>\n<p>13,70\u20ac per bottle<\/p>","protected":false},"featured_media":12912,"comment_status":"open","ping_status":"closed","template":"","meta":{"_acf_changed":false},"product_brand":[],"product_cat":[174,188,196,260],"product_tag":[],"class_list":{"0":"post-12907","1":"product","2":"type-product","3":"status-publish","4":"has-post-thumbnail","6":"product_cat-all-collections","7":"product_cat-drinks-beverages","8":"product_cat-brandy","9":"product_cat-new-products","11":"first","12":"outofstock","13":"shipping-taxable","14":"purchasable","15":"product-type-variable","16":"wvs-archive-product-wrapper"},"acf":[],"_links":{"self":[{"href":"https:\/\/b2b-armangroup.com\/fr\/wp-json\/wp\/v2\/product\/12907","targetHints":{"allow":["GET"]}}],"collection":[{"href":"https:\/\/b2b-armangroup.com\/fr\/wp-json\/wp\/v2\/product"}],"about":[{"href":"https:\/\/b2b-armangroup.com\/fr\/wp-json\/wp\/v2\/types\/product"}],"replies":[{"embeddable":true,"href":"https:\/\/b2b-armangroup.com\/fr\/wp-json\/wp\/v2\/comments?post=12907"}],"version-history":[{"count":3,"href":"https:\/\/b2b-armangroup.com\/fr\/wp-json\/wp\/v2\/product\/12907\/revisions"}],"predecessor-version":[{"id":13169,"href":"https:\/\/b2b-armangroup.com\/fr\/wp-json\/wp\/v2\/product\/12907\/revisions\/13169"}],"wp:featuredmedia":[{"embeddable":true,"href":"https:\/\/b2b-armangroup.com\/fr\/wp-json\/wp\/v2\/media\/12912"}],"wp:attachment":[{"href":"https:\/\/b2b-armangroup.com\/fr\/wp-json\/wp\/v2\/media?parent=12907"}],"wp:term":[{"taxonomy":"product_brand","embeddable":true,"href":"https:\/\/b2b-armangroup.com\/fr\/wp-json\/wp\/v2\/product_brand?post=12907"},{"taxonomy":"product_cat","embeddable":true,"href":"https:\/\/b2b-armangroup.com\/fr\/wp-json\/wp\/v2\/product_cat?post=12907"},{"taxonomy":"product_tag","embeddable":true,"href":"https:\/\/b2b-armangroup.com\/fr\/wp-json\/wp\/v2\/product_tag?post=12907"}],"curies":[{"name":"wp","href":"https:\/\/api.w.org\/{rel}","templated":true}]}}