{"id":12915,"date":"2025-10-03T17:24:29","date_gmt":"2025-10-03T13:24:29","guid":{"rendered":"https:\/\/b2b-armangroup.com\/?post_type=product&#038;p=12915"},"modified":"2025-11-22T14:40:44","modified_gmt":"2025-11-22T10:40:44","slug":"vodka-gubernator-07l","status":"publish","type":"product","link":"https:\/\/b2b-armangroup.com\/fr\/produit\/vodka-gubernator-07l\/","title":{"rendered":"Vodka Gubernator \u2013 0,7L"},"content":{"rendered":"","protected":false},"excerpt":{"rendered":"<p class=\"p1\">La Vodka Gubernator est un spiritueux premium \u00e9labor\u00e9 avec des ingr\u00e9dients de haute qualit\u00e9 pour un go\u00fbt raffin\u00e9 et doux. Id\u00e9ale pure, sur glace ou en base de cocktails. Disponible en bouteille de 0,7L.<\/p>\n<p>15,50\u20ac la bouteille<\/p>","protected":false},"featured_media":14697,"comment_status":"open","ping_status":"closed","template":"","meta":{"_acf_changed":false},"product_brand":[],"product_cat":[174,188,260,213],"product_tag":[],"class_list":{"0":"post-12915","1":"product","2":"type-product","3":"status-publish","4":"has-post-thumbnail","6":"product_cat-all-collections","7":"product_cat-drinks-beverages","8":"product_cat-new-products","9":"product_cat-vodka","11":"first","12":"instock","13":"shipping-taxable","14":"purchasable","15":"product-type-variable","16":"wvs-archive-product-wrapper"},"acf":[],"_links":{"self":[{"href":"https:\/\/b2b-armangroup.com\/fr\/wp-json\/wp\/v2\/product\/12915","targetHints":{"allow":["GET"]}}],"collection":[{"href":"https:\/\/b2b-armangroup.com\/fr\/wp-json\/wp\/v2\/product"}],"about":[{"href":"https:\/\/b2b-armangroup.com\/fr\/wp-json\/wp\/v2\/types\/product"}],"replies":[{"embeddable":true,"href":"https:\/\/b2b-armangroup.com\/fr\/wp-json\/wp\/v2\/comments?post=12915"}],"version-history":[{"count":4,"href":"https:\/\/b2b-armangroup.com\/fr\/wp-json\/wp\/v2\/product\/12915\/revisions"}],"predecessor-version":[{"id":13713,"href":"https:\/\/b2b-armangroup.com\/fr\/wp-json\/wp\/v2\/product\/12915\/revisions\/13713"}],"wp:featuredmedia":[{"embeddable":true,"href":"https:\/\/b2b-armangroup.com\/fr\/wp-json\/wp\/v2\/media\/14697"}],"wp:attachment":[{"href":"https:\/\/b2b-armangroup.com\/fr\/wp-json\/wp\/v2\/media?parent=12915"}],"wp:term":[{"taxonomy":"product_brand","embeddable":true,"href":"https:\/\/b2b-armangroup.com\/fr\/wp-json\/wp\/v2\/product_brand?post=12915"},{"taxonomy":"product_cat","embeddable":true,"href":"https:\/\/b2b-armangroup.com\/fr\/wp-json\/wp\/v2\/product_cat?post=12915"},{"taxonomy":"product_tag","embeddable":true,"href":"https:\/\/b2b-armangroup.com\/fr\/wp-json\/wp\/v2\/product_tag?post=12915"}],"curies":[{"name":"wp","href":"https:\/\/api.w.org\/{rel}","templated":true}]}}