{"id":12944,"date":"2025-10-03T19:03:55","date_gmt":"2025-10-03T15:03:55","guid":{"rendered":"https:\/\/b2b-armangroup.com\/?post_type=product&#038;p=12944"},"modified":"2026-04-10T13:13:33","modified_gmt":"2026-04-10T09:13:33","slug":"compote-dabricots-1l-ararat","status":"publish","type":"product","link":"https:\/\/b2b-armangroup.com\/fr\/produit\/compote-dabricots-1l-ararat\/","title":{"rendered":"Ararat \u2014 Compote d\u2019abricots \u2014 1l"},"content":{"rendered":"","protected":false},"excerpt":{"rendered":"<p class=\"p1\">Ararat Compote d\u2019abricots 1 L. Boisson arm\u00e9nienne traditionnelle pr\u00e9par\u00e9e \u00e0 partir d\u2019abricots m\u00fbrs et sucr\u00e9s. D\u00e9licieuse servie fra\u00eeche en \u00e9t\u00e9 ou l\u00e9g\u00e8rement ti\u00e8de en hiver.<\/p>\n<p>2,55\u20ac<\/p>","protected":false},"featured_media":14951,"comment_status":"open","ping_status":"closed","template":"","meta":{"_acf_changed":false},"product_brand":[],"product_cat":[174,188,221],"product_tag":[],"class_list":{"0":"post-12944","1":"product","2":"type-product","3":"status-publish","4":"has-post-thumbnail","6":"product_cat-all-collections","7":"product_cat-drinks-beverages","8":"product_cat-compotes","10":"first","11":"instock","12":"shipping-taxable","13":"purchasable","14":"product-type-variable","15":"wvs-archive-product-wrapper"},"acf":[],"_links":{"self":[{"href":"https:\/\/b2b-armangroup.com\/fr\/wp-json\/wp\/v2\/product\/12944","targetHints":{"allow":["GET"]}}],"collection":[{"href":"https:\/\/b2b-armangroup.com\/fr\/wp-json\/wp\/v2\/product"}],"about":[{"href":"https:\/\/b2b-armangroup.com\/fr\/wp-json\/wp\/v2\/types\/product"}],"replies":[{"embeddable":true,"href":"https:\/\/b2b-armangroup.com\/fr\/wp-json\/wp\/v2\/comments?post=12944"}],"version-history":[{"count":5,"href":"https:\/\/b2b-armangroup.com\/fr\/wp-json\/wp\/v2\/product\/12944\/revisions"}],"predecessor-version":[{"id":16537,"href":"https:\/\/b2b-armangroup.com\/fr\/wp-json\/wp\/v2\/product\/12944\/revisions\/16537"}],"wp:featuredmedia":[{"embeddable":true,"href":"https:\/\/b2b-armangroup.com\/fr\/wp-json\/wp\/v2\/media\/14951"}],"wp:attachment":[{"href":"https:\/\/b2b-armangroup.com\/fr\/wp-json\/wp\/v2\/media?parent=12944"}],"wp:term":[{"taxonomy":"product_brand","embeddable":true,"href":"https:\/\/b2b-armangroup.com\/fr\/wp-json\/wp\/v2\/product_brand?post=12944"},{"taxonomy":"product_cat","embeddable":true,"href":"https:\/\/b2b-armangroup.com\/fr\/wp-json\/wp\/v2\/product_cat?post=12944"},{"taxonomy":"product_tag","embeddable":true,"href":"https:\/\/b2b-armangroup.com\/fr\/wp-json\/wp\/v2\/product_tag?post=12944"}],"curies":[{"name":"wp","href":"https:\/\/api.w.org\/{rel}","templated":true}]}}