{"id":12957,"date":"2025-10-03T19:22:29","date_gmt":"2025-10-03T15:22:29","guid":{"rendered":"https:\/\/b2b-armangroup.com\/?post_type=product&#038;p=12957"},"modified":"2026-03-30T23:39:58","modified_gmt":"2026-03-30T19:39:58","slug":"caviar-daubergine-460g-ararat","status":"publish","type":"product","link":"https:\/\/b2b-armangroup.com\/fr\/produit\/caviar-daubergine-460g-ararat\/","title":{"rendered":"Ararat \u2014 Caviar d\u2019aubergine \u2014 460 g"},"content":{"rendered":"","protected":false},"excerpt":{"rendered":"<p class=\"p1\">Ararat Caviar d\u2019aubergine 460 g. Une pur\u00e9e onctueuse et savoureuse \u00e0 base d\u2019aubergines grill\u00e9es, de poivrons et de tomates, assaisonn\u00e9e d\u2019herbes et d\u2019\u00e9pices. Id\u00e9ale en tartinade, en accompagnement ou en entr\u00e9e.<\/p>\n<p>2,40\u20ac<\/p>","protected":false},"featured_media":16428,"comment_status":"open","ping_status":"closed","template":"","meta":{"_acf_changed":false},"product_brand":[],"product_cat":[174,191,176,198,260,186],"product_tag":[],"class_list":{"0":"post-12957","1":"product","2":"type-product","3":"status-publish","4":"has-post-thumbnail","6":"product_cat-all-collections","7":"product_cat-ararat","8":"product_cat-canned-goods","9":"product_cat-canned-vegetables-all-brands","10":"product_cat-new-products","11":"product_cat-sales","13":"first","14":"outofstock","15":"shipping-taxable","16":"purchasable","17":"product-type-variable","18":"wvs-archive-product-wrapper"},"acf":[],"_links":{"self":[{"href":"https:\/\/b2b-armangroup.com\/fr\/wp-json\/wp\/v2\/product\/12957","targetHints":{"allow":["GET"]}}],"collection":[{"href":"https:\/\/b2b-armangroup.com\/fr\/wp-json\/wp\/v2\/product"}],"about":[{"href":"https:\/\/b2b-armangroup.com\/fr\/wp-json\/wp\/v2\/types\/product"}],"replies":[{"embeddable":true,"href":"https:\/\/b2b-armangroup.com\/fr\/wp-json\/wp\/v2\/comments?post=12957"}],"version-history":[{"count":4,"href":"https:\/\/b2b-armangroup.com\/fr\/wp-json\/wp\/v2\/product\/12957\/revisions"}],"predecessor-version":[{"id":13540,"href":"https:\/\/b2b-armangroup.com\/fr\/wp-json\/wp\/v2\/product\/12957\/revisions\/13540"}],"wp:featuredmedia":[{"embeddable":true,"href":"https:\/\/b2b-armangroup.com\/fr\/wp-json\/wp\/v2\/media\/16428"}],"wp:attachment":[{"href":"https:\/\/b2b-armangroup.com\/fr\/wp-json\/wp\/v2\/media?parent=12957"}],"wp:term":[{"taxonomy":"product_brand","embeddable":true,"href":"https:\/\/b2b-armangroup.com\/fr\/wp-json\/wp\/v2\/product_brand?post=12957"},{"taxonomy":"product_cat","embeddable":true,"href":"https:\/\/b2b-armangroup.com\/fr\/wp-json\/wp\/v2\/product_cat?post=12957"},{"taxonomy":"product_tag","embeddable":true,"href":"https:\/\/b2b-armangroup.com\/fr\/wp-json\/wp\/v2\/product_tag?post=12957"}],"curies":[{"name":"wp","href":"https:\/\/api.w.org\/{rel}","templated":true}]}}