{"id":12961,"date":"2025-10-03T19:25:22","date_gmt":"2025-10-03T15:25:22","guid":{"rendered":"https:\/\/b2b-armangroup.com\/?post_type=product&#038;p=12961"},"modified":"2026-03-30T23:32:14","modified_gmt":"2026-03-30T19:32:14","slug":"ajika-480g-ararat","status":"publish","type":"product","link":"https:\/\/b2b-armangroup.com\/fr\/produit\/ajika-480g-ararat\/","title":{"rendered":"Ararat \u2014 Adjika \u2014 480 g"},"content":{"rendered":"","protected":false},"excerpt":{"rendered":"<p class=\"p1\">Ararat Adjika 480 g. P\u00e2te \u00e9pic\u00e9e traditionnelle \u00e0 base de poivrons rouges, d\u2019ail et d\u2019herbes aromatiques. Son go\u00fbt intense et sa texture riche en font un condiment id\u00e9al pour les viandes, l\u00e9gumes et grillades.<\/p>\n<p>2,30\u20ac<\/p>","protected":false},"featured_media":16425,"comment_status":"open","ping_status":"closed","template":"","meta":{"_acf_changed":false},"product_brand":[],"product_cat":[174,191,176,198,260,186],"product_tag":[],"class_list":{"0":"post-12961","1":"product","2":"type-product","3":"status-publish","4":"has-post-thumbnail","6":"product_cat-all-collections","7":"product_cat-ararat","8":"product_cat-canned-goods","9":"product_cat-canned-vegetables-all-brands","10":"product_cat-new-products","11":"product_cat-sales","13":"first","14":"instock","15":"shipping-taxable","16":"purchasable","17":"product-type-variable","18":"wvs-archive-product-wrapper"},"acf":[],"_links":{"self":[{"href":"https:\/\/b2b-armangroup.com\/fr\/wp-json\/wp\/v2\/product\/12961","targetHints":{"allow":["GET"]}}],"collection":[{"href":"https:\/\/b2b-armangroup.com\/fr\/wp-json\/wp\/v2\/product"}],"about":[{"href":"https:\/\/b2b-armangroup.com\/fr\/wp-json\/wp\/v2\/types\/product"}],"replies":[{"embeddable":true,"href":"https:\/\/b2b-armangroup.com\/fr\/wp-json\/wp\/v2\/comments?post=12961"}],"version-history":[{"count":4,"href":"https:\/\/b2b-armangroup.com\/fr\/wp-json\/wp\/v2\/product\/12961\/revisions"}],"predecessor-version":[{"id":13541,"href":"https:\/\/b2b-armangroup.com\/fr\/wp-json\/wp\/v2\/product\/12961\/revisions\/13541"}],"wp:featuredmedia":[{"embeddable":true,"href":"https:\/\/b2b-armangroup.com\/fr\/wp-json\/wp\/v2\/media\/16425"}],"wp:attachment":[{"href":"https:\/\/b2b-armangroup.com\/fr\/wp-json\/wp\/v2\/media?parent=12961"}],"wp:term":[{"taxonomy":"product_brand","embeddable":true,"href":"https:\/\/b2b-armangroup.com\/fr\/wp-json\/wp\/v2\/product_brand?post=12961"},{"taxonomy":"product_cat","embeddable":true,"href":"https:\/\/b2b-armangroup.com\/fr\/wp-json\/wp\/v2\/product_cat?post=12961"},{"taxonomy":"product_tag","embeddable":true,"href":"https:\/\/b2b-armangroup.com\/fr\/wp-json\/wp\/v2\/product_tag?post=12961"}],"curies":[{"name":"wp","href":"https:\/\/api.w.org\/{rel}","templated":true}]}}