{"id":12965,"date":"2025-10-03T19:27:33","date_gmt":"2025-10-03T15:27:33","guid":{"rendered":"https:\/\/b2b-armangroup.com\/?post_type=product&#038;p=12965"},"modified":"2026-03-30T23:24:16","modified_gmt":"2026-03-30T19:24:16","slug":"ajika-piquant-480g-ararat","status":"publish","type":"product","link":"https:\/\/b2b-armangroup.com\/fr\/produit\/ajika-piquant-480g-ararat\/","title":{"rendered":"Ararat \u2014 Adjika piquante \u2014 480 g"},"content":{"rendered":"","protected":false},"excerpt":{"rendered":"<p class=\"p1\">Ararat Adjika piquante 480 g. Une version relev\u00e9e de l\u2019ajika traditionnelle, pr\u00e9par\u00e9e \u00e0 base de piments rouges forts, d\u2019ail et d\u2019\u00e9pices pour les amateurs de sensations fortes. Id\u00e9ale avec les viandes grill\u00e9es, kebabs et plats consistants.<\/p>\n<p>2,30\u20ac<\/p>","protected":false},"featured_media":16422,"comment_status":"open","ping_status":"closed","template":"","meta":{"_acf_changed":false},"product_brand":[],"product_cat":[174,191,176,198,260,186],"product_tag":[],"class_list":{"0":"post-12965","1":"product","2":"type-product","3":"status-publish","4":"has-post-thumbnail","6":"product_cat-all-collections","7":"product_cat-ararat","8":"product_cat-canned-goods","9":"product_cat-canned-vegetables-all-brands","10":"product_cat-new-products","11":"product_cat-sales","13":"first","14":"instock","15":"shipping-taxable","16":"purchasable","17":"product-type-variable","18":"wvs-archive-product-wrapper"},"acf":[],"_links":{"self":[{"href":"https:\/\/b2b-armangroup.com\/fr\/wp-json\/wp\/v2\/product\/12965","targetHints":{"allow":["GET"]}}],"collection":[{"href":"https:\/\/b2b-armangroup.com\/fr\/wp-json\/wp\/v2\/product"}],"about":[{"href":"https:\/\/b2b-armangroup.com\/fr\/wp-json\/wp\/v2\/types\/product"}],"replies":[{"embeddable":true,"href":"https:\/\/b2b-armangroup.com\/fr\/wp-json\/wp\/v2\/comments?post=12965"}],"version-history":[{"count":3,"href":"https:\/\/b2b-armangroup.com\/fr\/wp-json\/wp\/v2\/product\/12965\/revisions"}],"predecessor-version":[{"id":13542,"href":"https:\/\/b2b-armangroup.com\/fr\/wp-json\/wp\/v2\/product\/12965\/revisions\/13542"}],"wp:featuredmedia":[{"embeddable":true,"href":"https:\/\/b2b-armangroup.com\/fr\/wp-json\/wp\/v2\/media\/16422"}],"wp:attachment":[{"href":"https:\/\/b2b-armangroup.com\/fr\/wp-json\/wp\/v2\/media?parent=12965"}],"wp:term":[{"taxonomy":"product_brand","embeddable":true,"href":"https:\/\/b2b-armangroup.com\/fr\/wp-json\/wp\/v2\/product_brand?post=12965"},{"taxonomy":"product_cat","embeddable":true,"href":"https:\/\/b2b-armangroup.com\/fr\/wp-json\/wp\/v2\/product_cat?post=12965"},{"taxonomy":"product_tag","embeddable":true,"href":"https:\/\/b2b-armangroup.com\/fr\/wp-json\/wp\/v2\/product_tag?post=12965"}],"curies":[{"name":"wp","href":"https:\/\/api.w.org\/{rel}","templated":true}]}}