{"id":12969,"date":"2025-10-03T19:29:43","date_gmt":"2025-10-03T15:29:43","guid":{"rendered":"https:\/\/b2b-armangroup.com\/?post_type=product&#038;p=12969"},"modified":"2026-03-30T23:37:13","modified_gmt":"2026-03-30T19:37:13","slug":"tomates-concentre-480g-ararat","status":"publish","type":"product","link":"https:\/\/b2b-armangroup.com\/fr\/produit\/tomates-concentre-480g-ararat\/","title":{"rendered":"Ararat \u2014 Tomates concentr\u00e9 \u2014 480 g"},"content":{"rendered":"","protected":false},"excerpt":{"rendered":"<p class=\"p1\">Ararat Tomates concentr\u00e9 480 g. P\u00e2te de tomates \u00e9paisse et savoureuse, pr\u00e9par\u00e9e \u00e0 partir de tomates m\u00fbries au soleil. Parfaite pour les soupes, sauces et rago\u00fbts, elle apporte une belle couleur et un go\u00fbt m\u00e9diterran\u00e9en authentique.<\/p>\n<p>2,50\u20ac<\/p>","protected":false},"featured_media":16427,"comment_status":"open","ping_status":"closed","template":"","meta":{"_acf_changed":false},"product_brand":[],"product_cat":[174,191,176,198,260,186],"product_tag":[],"class_list":{"0":"post-12969","1":"product","2":"type-product","3":"status-publish","4":"has-post-thumbnail","6":"product_cat-all-collections","7":"product_cat-ararat","8":"product_cat-canned-goods","9":"product_cat-canned-vegetables-all-brands","10":"product_cat-new-products","11":"product_cat-sales","13":"first","14":"instock","15":"shipping-taxable","16":"purchasable","17":"product-type-variable","18":"wvs-archive-product-wrapper"},"acf":[],"_links":{"self":[{"href":"https:\/\/b2b-armangroup.com\/fr\/wp-json\/wp\/v2\/product\/12969","targetHints":{"allow":["GET"]}}],"collection":[{"href":"https:\/\/b2b-armangroup.com\/fr\/wp-json\/wp\/v2\/product"}],"about":[{"href":"https:\/\/b2b-armangroup.com\/fr\/wp-json\/wp\/v2\/types\/product"}],"replies":[{"embeddable":true,"href":"https:\/\/b2b-armangroup.com\/fr\/wp-json\/wp\/v2\/comments?post=12969"}],"version-history":[{"count":3,"href":"https:\/\/b2b-armangroup.com\/fr\/wp-json\/wp\/v2\/product\/12969\/revisions"}],"predecessor-version":[{"id":13499,"href":"https:\/\/b2b-armangroup.com\/fr\/wp-json\/wp\/v2\/product\/12969\/revisions\/13499"}],"wp:featuredmedia":[{"embeddable":true,"href":"https:\/\/b2b-armangroup.com\/fr\/wp-json\/wp\/v2\/media\/16427"}],"wp:attachment":[{"href":"https:\/\/b2b-armangroup.com\/fr\/wp-json\/wp\/v2\/media?parent=12969"}],"wp:term":[{"taxonomy":"product_brand","embeddable":true,"href":"https:\/\/b2b-armangroup.com\/fr\/wp-json\/wp\/v2\/product_brand?post=12969"},{"taxonomy":"product_cat","embeddable":true,"href":"https:\/\/b2b-armangroup.com\/fr\/wp-json\/wp\/v2\/product_cat?post=12969"},{"taxonomy":"product_tag","embeddable":true,"href":"https:\/\/b2b-armangroup.com\/fr\/wp-json\/wp\/v2\/product_tag?post=12969"}],"curies":[{"name":"wp","href":"https:\/\/api.w.org\/{rel}","templated":true}]}}