{"id":12983,"date":"2025-10-03T19:52:34","date_gmt":"2025-10-03T15:52:34","guid":{"rendered":"https:\/\/b2b-armangroup.com\/?post_type=product&#038;p=12983"},"modified":"2026-03-24T23:31:33","modified_gmt":"2026-03-24T19:31:33","slug":"aveluk-100g-ambar","status":"publish","type":"product","link":"https:\/\/b2b-armangroup.com\/fr\/produit\/aveluk-100g-ambar\/","title":{"rendered":"Aveluk 100g Ambar"},"content":{"rendered":"","protected":false},"excerpt":{"rendered":"<p class=\"p1\">L\u2019aveluk (oseille sauvage s\u00e9ch\u00e9e) est un ingr\u00e9dient incontournable de la cuisine arm\u00e9nienne, appr\u00e9ci\u00e9 pour sa saveur l\u00e9g\u00e8rement acidul\u00e9e et ses bienfaits pour la sant\u00e9. Tress\u00e9 et s\u00e9ch\u00e9 de mani\u00e8re traditionnelle, il est id\u00e9al pour les soupes, les pilafs et les plats de lentilles. Riche en vitamines et antioxydants. Sachet de 100g (Ambar).<\/p>\n<p>1,99\u20ac per pack<\/p>","protected":false},"featured_media":14615,"comment_status":"open","ping_status":"closed","template":"","meta":{"_acf_changed":false},"product_brand":[],"product_cat":[174,182,247,260],"product_tag":[],"class_list":{"0":"post-12983","1":"product","2":"type-product","3":"status-publish","4":"has-post-thumbnail","6":"product_cat-all-collections","7":"product_cat-dried-greens","8":"product_cat-groceries","9":"product_cat-new-products","11":"first","12":"instock","13":"shipping-taxable","14":"purchasable","15":"product-type-variable","16":"wvs-archive-product-wrapper"},"acf":[],"_links":{"self":[{"href":"https:\/\/b2b-armangroup.com\/fr\/wp-json\/wp\/v2\/product\/12983","targetHints":{"allow":["GET"]}}],"collection":[{"href":"https:\/\/b2b-armangroup.com\/fr\/wp-json\/wp\/v2\/product"}],"about":[{"href":"https:\/\/b2b-armangroup.com\/fr\/wp-json\/wp\/v2\/types\/product"}],"replies":[{"embeddable":true,"href":"https:\/\/b2b-armangroup.com\/fr\/wp-json\/wp\/v2\/comments?post=12983"}],"version-history":[{"count":3,"href":"https:\/\/b2b-armangroup.com\/fr\/wp-json\/wp\/v2\/product\/12983\/revisions"}],"predecessor-version":[{"id":16277,"href":"https:\/\/b2b-armangroup.com\/fr\/wp-json\/wp\/v2\/product\/12983\/revisions\/16277"}],"wp:featuredmedia":[{"embeddable":true,"href":"https:\/\/b2b-armangroup.com\/fr\/wp-json\/wp\/v2\/media\/14615"}],"wp:attachment":[{"href":"https:\/\/b2b-armangroup.com\/fr\/wp-json\/wp\/v2\/media?parent=12983"}],"wp:term":[{"taxonomy":"product_brand","embeddable":true,"href":"https:\/\/b2b-armangroup.com\/fr\/wp-json\/wp\/v2\/product_brand?post=12983"},{"taxonomy":"product_cat","embeddable":true,"href":"https:\/\/b2b-armangroup.com\/fr\/wp-json\/wp\/v2\/product_cat?post=12983"},{"taxonomy":"product_tag","embeddable":true,"href":"https:\/\/b2b-armangroup.com\/fr\/wp-json\/wp\/v2\/product_tag?post=12983"}],"curies":[{"name":"wp","href":"https:\/\/api.w.org\/{rel}","templated":true}]}}