{"id":1328,"date":"2025-03-16T15:31:29","date_gmt":"2025-03-16T11:31:29","guid":{"rendered":"https:\/\/b2b-armangroup.com\/product\/%d5%a1%d5%bb%d5%ab%d5%af%d5%a1-%d5%af%d5%ae%d5%b8%d6%82-%d5%bc%d5%b8%d5%b5%d5%a1%d5%ac-350%d5%a3\/"},"modified":"2026-03-23T21:56:05","modified_gmt":"2026-03-23T17:56:05","slug":"%d5%a1%d5%bb%d5%ab%d5%af%d5%a1-%d5%af%d5%ae%d5%b8%d6%82-%d5%bc%d5%b8%d5%b5%d5%a1%d5%ac-350%d5%a3","status":"publish","type":"product","link":"https:\/\/b2b-armangroup.com\/fr\/produit\/%d5%a1%d5%bb%d5%ab%d5%af%d5%a1-%d5%af%d5%ae%d5%b8%d6%82-%d5%bc%d5%b8%d5%b5%d5%a1%d5%ac-350%d5%a3\/","title":{"rendered":"Royal - Adjika - 350g"},"content":{"rendered":"","protected":false},"excerpt":{"rendered":"<p class=\"p1\">Royal Adzhika 350 g. Sauce \u00e9pic\u00e9e traditionnelle pr\u00e9par\u00e9e \u00e0 base de tomates m\u00fbres, de poivrons, d\u2019ail et d\u2019herbes aromatiques. Parfaite pour accompagner les viandes, volailles et l\u00e9gumes grill\u00e9s \u2014 un go\u00fbt authentique du Caucase.<\/p>\n<p>2,99 \u20ac<\/p>","protected":false},"featured_media":16268,"comment_status":"open","ping_status":"closed","template":"","meta":{"_acf_changed":false},"product_brand":[],"product_cat":[174,176,198,209],"product_tag":[79,78,80],"class_list":{"0":"post-1328","1":"product","2":"type-product","3":"status-publish","4":"has-post-thumbnail","6":"product_cat-all-collections","7":"product_cat-canned-goods","8":"product_cat-canned-vegetables-all-brands","9":"product_cat-royal","10":"product_tag-79","11":"product_tag-78","12":"product_tag-80","14":"first","15":"outofstock","16":"shipping-taxable","17":"product-type-simple"},"acf":[],"_links":{"self":[{"href":"https:\/\/b2b-armangroup.com\/fr\/wp-json\/wp\/v2\/product\/1328","targetHints":{"allow":["GET"]}}],"collection":[{"href":"https:\/\/b2b-armangroup.com\/fr\/wp-json\/wp\/v2\/product"}],"about":[{"href":"https:\/\/b2b-armangroup.com\/fr\/wp-json\/wp\/v2\/types\/product"}],"replies":[{"embeddable":true,"href":"https:\/\/b2b-armangroup.com\/fr\/wp-json\/wp\/v2\/comments?post=1328"}],"version-history":[{"count":4,"href":"https:\/\/b2b-armangroup.com\/fr\/wp-json\/wp\/v2\/product\/1328\/revisions"}],"predecessor-version":[{"id":13555,"href":"https:\/\/b2b-armangroup.com\/fr\/wp-json\/wp\/v2\/product\/1328\/revisions\/13555"}],"wp:featuredmedia":[{"embeddable":true,"href":"https:\/\/b2b-armangroup.com\/fr\/wp-json\/wp\/v2\/media\/16268"}],"wp:attachment":[{"href":"https:\/\/b2b-armangroup.com\/fr\/wp-json\/wp\/v2\/media?parent=1328"}],"wp:term":[{"taxonomy":"product_brand","embeddable":true,"href":"https:\/\/b2b-armangroup.com\/fr\/wp-json\/wp\/v2\/product_brand?post=1328"},{"taxonomy":"product_cat","embeddable":true,"href":"https:\/\/b2b-armangroup.com\/fr\/wp-json\/wp\/v2\/product_cat?post=1328"},{"taxonomy":"product_tag","embeddable":true,"href":"https:\/\/b2b-armangroup.com\/fr\/wp-json\/wp\/v2\/product_tag?post=1328"}],"curies":[{"name":"wp","href":"https:\/\/api.w.org\/{rel}","templated":true}]}}