{"id":1336,"date":"2025-03-16T15:31:31","date_gmt":"2025-03-16T11:31:31","guid":{"rendered":"https:\/\/b2b-armangroup.com\/product\/%d5%a1%d5%bb%d5%ab%d5%af%d5%a1-%d5%bc%d5%b8%d5%b5%d5%a1%d5%ac-350%d5%a3\/"},"modified":"2026-03-23T21:57:54","modified_gmt":"2026-03-23T17:57:54","slug":"%d5%a1%d5%bb%d5%ab%d5%af%d5%a1-%d5%bc%d5%b8%d5%b5%d5%a1%d5%ac-350%d5%a3","status":"publish","type":"product","link":"https:\/\/b2b-armangroup.com\/fr\/produit\/%d5%a1%d5%bb%d5%ab%d5%af%d5%a1-%d5%bc%d5%b8%d5%b5%d5%a1%d5%ac-350%d5%a3\/","title":{"rendered":"Royal - Adjika  \u00c9pic\u00e9 - 350g"},"content":{"rendered":"","protected":false},"excerpt":{"rendered":"<p class=\"p1\">Royal Adzhika \u00e9pic\u00e9e 350 g. Sauce caucasienne piquante traditionnelle \u00e0 base de tomates, de poivrons, d\u2019ail et d\u2019herbes. Parfaite avec les viandes grill\u00e9es, la volaille ou le pain.<\/p>\n<p>2,99 \u20ac<\/p>","protected":false},"featured_media":16269,"comment_status":"open","ping_status":"closed","template":"","meta":{"_acf_changed":false},"product_brand":[],"product_cat":[174,176,198,209],"product_tag":[79,78,80],"class_list":{"0":"post-1336","1":"product","2":"type-product","3":"status-publish","4":"has-post-thumbnail","6":"product_cat-all-collections","7":"product_cat-canned-goods","8":"product_cat-canned-vegetables-all-brands","9":"product_cat-royal","10":"product_tag-79","11":"product_tag-78","12":"product_tag-80","14":"first","15":"outofstock","16":"shipping-taxable","17":"purchasable","18":"product-type-variable","19":"wvs-archive-product-wrapper"},"acf":[],"_links":{"self":[{"href":"https:\/\/b2b-armangroup.com\/fr\/wp-json\/wp\/v2\/product\/1336","targetHints":{"allow":["GET"]}}],"collection":[{"href":"https:\/\/b2b-armangroup.com\/fr\/wp-json\/wp\/v2\/product"}],"about":[{"href":"https:\/\/b2b-armangroup.com\/fr\/wp-json\/wp\/v2\/types\/product"}],"replies":[{"embeddable":true,"href":"https:\/\/b2b-armangroup.com\/fr\/wp-json\/wp\/v2\/comments?post=1336"}],"version-history":[{"count":4,"href":"https:\/\/b2b-armangroup.com\/fr\/wp-json\/wp\/v2\/product\/1336\/revisions"}],"predecessor-version":[{"id":10860,"href":"https:\/\/b2b-armangroup.com\/fr\/wp-json\/wp\/v2\/product\/1336\/revisions\/10860"}],"wp:featuredmedia":[{"embeddable":true,"href":"https:\/\/b2b-armangroup.com\/fr\/wp-json\/wp\/v2\/media\/16269"}],"wp:attachment":[{"href":"https:\/\/b2b-armangroup.com\/fr\/wp-json\/wp\/v2\/media?parent=1336"}],"wp:term":[{"taxonomy":"product_brand","embeddable":true,"href":"https:\/\/b2b-armangroup.com\/fr\/wp-json\/wp\/v2\/product_brand?post=1336"},{"taxonomy":"product_cat","embeddable":true,"href":"https:\/\/b2b-armangroup.com\/fr\/wp-json\/wp\/v2\/product_cat?post=1336"},{"taxonomy":"product_tag","embeddable":true,"href":"https:\/\/b2b-armangroup.com\/fr\/wp-json\/wp\/v2\/product_tag?post=1336"}],"curies":[{"name":"wp","href":"https:\/\/api.w.org\/{rel}","templated":true}]}}