{"id":1354,"date":"2025-03-16T15:31:31","date_gmt":"2025-03-16T11:31:31","guid":{"rendered":"https:\/\/b2b-armangroup.com\/product\/ajabsandali-vilfood-530gr\/"},"modified":"2026-04-09T13:33:35","modified_gmt":"2026-04-09T09:33:35","slug":"ajabsandali-vilfood-530gr","status":"publish","type":"product","link":"https:\/\/b2b-armangroup.com\/fr\/produit\/ajabsandali-vilfood-530gr\/","title":{"rendered":"Vilfood - Ajabsandali - 490g"},"content":{"rendered":"","protected":false},"excerpt":{"rendered":"<p class=\"p1\">Vilfood Ajabsandali 490 g. Rago\u00fbt de l\u00e9gumes traditionnel du Caucase \u00e0 base d\u2019aubergines, de poivrons, de tomates et d\u2019herbes. Longuement mijot\u00e9 pour un go\u00fbt authentique et g\u00e9n\u00e9reux, savoureux chaud ou froid.<\/p>\n<p>2,90 \u20ac<\/p>","protected":false},"featured_media":16493,"comment_status":"open","ping_status":"closed","template":"","meta":{"_acf_changed":false},"product_brand":[],"product_cat":[176,198,212],"product_tag":[78],"class_list":{"0":"post-1354","1":"product","2":"type-product","3":"status-publish","4":"has-post-thumbnail","6":"product_cat-canned-goods","7":"product_cat-canned-vegetables-all-brands","8":"product_cat-vilfood","9":"product_tag-78","11":"first","12":"instock","13":"shipping-taxable","14":"purchasable","15":"product-type-variable","16":"wvs-archive-product-wrapper"},"acf":[],"_links":{"self":[{"href":"https:\/\/b2b-armangroup.com\/fr\/wp-json\/wp\/v2\/product\/1354","targetHints":{"allow":["GET"]}}],"collection":[{"href":"https:\/\/b2b-armangroup.com\/fr\/wp-json\/wp\/v2\/product"}],"about":[{"href":"https:\/\/b2b-armangroup.com\/fr\/wp-json\/wp\/v2\/types\/product"}],"replies":[{"embeddable":true,"href":"https:\/\/b2b-armangroup.com\/fr\/wp-json\/wp\/v2\/comments?post=1354"}],"version-history":[{"count":6,"href":"https:\/\/b2b-armangroup.com\/fr\/wp-json\/wp\/v2\/product\/1354\/revisions"}],"predecessor-version":[{"id":16501,"href":"https:\/\/b2b-armangroup.com\/fr\/wp-json\/wp\/v2\/product\/1354\/revisions\/16501"}],"wp:featuredmedia":[{"embeddable":true,"href":"https:\/\/b2b-armangroup.com\/fr\/wp-json\/wp\/v2\/media\/16493"}],"wp:attachment":[{"href":"https:\/\/b2b-armangroup.com\/fr\/wp-json\/wp\/v2\/media?parent=1354"}],"wp:term":[{"taxonomy":"product_brand","embeddable":true,"href":"https:\/\/b2b-armangroup.com\/fr\/wp-json\/wp\/v2\/product_brand?post=1354"},{"taxonomy":"product_cat","embeddable":true,"href":"https:\/\/b2b-armangroup.com\/fr\/wp-json\/wp\/v2\/product_cat?post=1354"},{"taxonomy":"product_tag","embeddable":true,"href":"https:\/\/b2b-armangroup.com\/fr\/wp-json\/wp\/v2\/product_tag?post=1354"}],"curies":[{"name":"wp","href":"https:\/\/api.w.org\/{rel}","templated":true}]}}