{"id":13590,"date":"2025-10-19T15:30:25","date_gmt":"2025-10-19T11:30:25","guid":{"rendered":"https:\/\/b2b-armangroup.com\/?post_type=product&#038;p=13590"},"modified":"2026-03-26T13:36:47","modified_gmt":"2026-03-26T09:36:47","slug":"choco-chir-assorti-230g","status":"publish","type":"product","link":"https:\/\/b2b-armangroup.com\/fr\/produit\/choco-chir-assorti-230g\/","title":{"rendered":"Choco Chir \u2013 Assorti \u2013 230g"},"content":{"rendered":"","protected":false},"excerpt":{"rendered":"<p class=\"p1\">Choco Chir Chocolat assorti 230 g. Une s\u00e9lection raffin\u00e9e de fruits secs de premi\u00e8re qualit\u00e9 enrob\u00e9s de chocolat noir riche. Cet assortiment \u00e9l\u00e9gant marie figues, abricots, prunes et noix dans une parfaite harmonie entre douceur naturelle et amertume du cacao. Un plaisir exquis, id\u00e9al pour offrir.<\/p>\n<p>7,99\u20ac<\/p>","protected":false},"featured_media":13591,"comment_status":"open","ping_status":"closed","template":"","meta":{"_acf_changed":false},"product_brand":[],"product_cat":[197,251],"product_tag":[],"class_list":{"0":"post-13590","1":"product","2":"type-product","3":"status-publish","4":"has-post-thumbnail","6":"product_cat-candies","7":"product_cat-dried-fruits-dried-fruits","8":"k-coming-soon-loop","11":"first","12":"outofstock","13":"shipping-taxable","14":"purchasable","15":"product-type-variable","16":"wvs-archive-product-wrapper"},"acf":[],"_links":{"self":[{"href":"https:\/\/b2b-armangroup.com\/fr\/wp-json\/wp\/v2\/product\/13590","targetHints":{"allow":["GET"]}}],"collection":[{"href":"https:\/\/b2b-armangroup.com\/fr\/wp-json\/wp\/v2\/product"}],"about":[{"href":"https:\/\/b2b-armangroup.com\/fr\/wp-json\/wp\/v2\/types\/product"}],"replies":[{"embeddable":true,"href":"https:\/\/b2b-armangroup.com\/fr\/wp-json\/wp\/v2\/comments?post=13590"}],"version-history":[{"count":4,"href":"https:\/\/b2b-armangroup.com\/fr\/wp-json\/wp\/v2\/product\/13590\/revisions"}],"predecessor-version":[{"id":15175,"href":"https:\/\/b2b-armangroup.com\/fr\/wp-json\/wp\/v2\/product\/13590\/revisions\/15175"}],"wp:featuredmedia":[{"embeddable":true,"href":"https:\/\/b2b-armangroup.com\/fr\/wp-json\/wp\/v2\/media\/13591"}],"wp:attachment":[{"href":"https:\/\/b2b-armangroup.com\/fr\/wp-json\/wp\/v2\/media?parent=13590"}],"wp:term":[{"taxonomy":"product_brand","embeddable":true,"href":"https:\/\/b2b-armangroup.com\/fr\/wp-json\/wp\/v2\/product_brand?post=13590"},{"taxonomy":"product_cat","embeddable":true,"href":"https:\/\/b2b-armangroup.com\/fr\/wp-json\/wp\/v2\/product_cat?post=13590"},{"taxonomy":"product_tag","embeddable":true,"href":"https:\/\/b2b-armangroup.com\/fr\/wp-json\/wp\/v2\/product_tag?post=13590"}],"curies":[{"name":"wp","href":"https:\/\/api.w.org\/{rel}","templated":true}]}}