{"id":13593,"date":"2025-10-19T15:35:59","date_gmt":"2025-10-19T11:35:59","guid":{"rendered":"https:\/\/b2b-armangroup.com\/?post_type=product&#038;p=13593"},"modified":"2025-12-18T15:18:34","modified_gmt":"2025-12-18T11:18:34","slug":"sonar-erebuni-yerevan-325g","status":"publish","type":"product","link":"https:\/\/b2b-armangroup.com\/fr\/produit\/sonar-erebuni-yerevan-325g\/","title":{"rendered":"Sonuar \u2013 Erebuni Erevan \u2013 325g"},"content":{"rendered":"","protected":false},"excerpt":{"rendered":"<p class=\"p1\">Sonuar Chocolat assorti Erebouni Erevan 325 g. Une collection de chocolats arm\u00e9niens fins inspir\u00e9e du patrimoine d\u2019Erevan. Chaque pi\u00e8ce marie un cacao riche \u00e0 des garnitures d\u00e9licates de noix, de fruits et de cr\u00e8me \u2014 un \u00e9quilibre parfait entre \u00e9l\u00e9gance et saveur. Id\u00e9al comme cadeau raffin\u00e9 ou \u00e0 d\u00e9guster avec un caf\u00e9.<\/p>\n<p>7,99\u20ac per pack<\/p>","protected":false},"featured_media":13594,"comment_status":"open","ping_status":"closed","template":"","meta":{"_acf_changed":false},"product_brand":[],"product_cat":[174,197,290,260,218],"product_tag":[],"class_list":{"0":"post-13593","1":"product","2":"type-product","3":"status-publish","4":"has-post-thumbnail","6":"product_cat-all-collections","7":"product_cat-candies","8":"product_cat-coming-soon","9":"product_cat-new-products","10":"product_cat-sweets","11":"k-coming-soon-loop","14":"first","15":"outofstock","16":"shipping-taxable","17":"product-type-variable","18":"wvs-archive-product-wrapper"},"acf":[],"_links":{"self":[{"href":"https:\/\/b2b-armangroup.com\/fr\/wp-json\/wp\/v2\/product\/13593","targetHints":{"allow":["GET"]}}],"collection":[{"href":"https:\/\/b2b-armangroup.com\/fr\/wp-json\/wp\/v2\/product"}],"about":[{"href":"https:\/\/b2b-armangroup.com\/fr\/wp-json\/wp\/v2\/types\/product"}],"replies":[{"embeddable":true,"href":"https:\/\/b2b-armangroup.com\/fr\/wp-json\/wp\/v2\/comments?post=13593"}],"version-history":[{"count":5,"href":"https:\/\/b2b-armangroup.com\/fr\/wp-json\/wp\/v2\/product\/13593\/revisions"}],"predecessor-version":[{"id":14104,"href":"https:\/\/b2b-armangroup.com\/fr\/wp-json\/wp\/v2\/product\/13593\/revisions\/14104"}],"wp:featuredmedia":[{"embeddable":true,"href":"https:\/\/b2b-armangroup.com\/fr\/wp-json\/wp\/v2\/media\/13594"}],"wp:attachment":[{"href":"https:\/\/b2b-armangroup.com\/fr\/wp-json\/wp\/v2\/media?parent=13593"}],"wp:term":[{"taxonomy":"product_brand","embeddable":true,"href":"https:\/\/b2b-armangroup.com\/fr\/wp-json\/wp\/v2\/product_brand?post=13593"},{"taxonomy":"product_cat","embeddable":true,"href":"https:\/\/b2b-armangroup.com\/fr\/wp-json\/wp\/v2\/product_cat?post=13593"},{"taxonomy":"product_tag","embeddable":true,"href":"https:\/\/b2b-armangroup.com\/fr\/wp-json\/wp\/v2\/product_tag?post=13593"}],"curies":[{"name":"wp","href":"https:\/\/api.w.org\/{rel}","templated":true}]}}