{"id":13596,"date":"2025-10-19T15:37:21","date_gmt":"2025-10-19T11:37:21","guid":{"rendered":"https:\/\/b2b-armangroup.com\/?post_type=product&#038;p=13596"},"modified":"2025-12-18T15:18:34","modified_gmt":"2025-12-18T11:18:34","slug":"sonar-noahs-arc-325g","status":"publish","type":"product","link":"https:\/\/b2b-armangroup.com\/fr\/produit\/sonar-noahs-arc-325g\/","title":{"rendered":"Sonuar &#8211; Noah&#8217;s Arc &#8211; 325g"},"content":{"rendered":"","protected":false},"excerpt":{"rendered":"<p>Sonuar Chocolat assorti Arche de No\u00e9 325 g. Une collection embl\u00e9matique de chocolats arm\u00e9niens inspir\u00e9e par la l\u00e9gende de l\u2019Arche de No\u00e9 reposant sur le mont Ararat. Chaque pi\u00e8ce raconte une histoire \u2014 chocolat noir, au lait et blanc, avec des garnitures de noix, de caramel et de fruits. \u00c9labor\u00e9e avec soin et art, cette bo\u00eete incarne l\u2019harmonie entre saveur et h\u00e9ritage.<\/p>\n<p>7,99\u20ac per pack<\/p>","protected":false},"featured_media":13597,"comment_status":"open","ping_status":"closed","template":"","meta":{"_acf_changed":false},"product_brand":[],"product_cat":[174,197,290,260,218],"product_tag":[],"class_list":{"0":"post-13596","1":"product","2":"type-product","3":"status-publish","4":"has-post-thumbnail","6":"product_cat-all-collections","7":"product_cat-candies","8":"product_cat-coming-soon","9":"product_cat-new-products","10":"product_cat-sweets","11":"k-coming-soon-loop","14":"first","15":"outofstock","16":"shipping-taxable","17":"product-type-variable","18":"has-default-attributes","19":"wvs-archive-product-wrapper"},"acf":[],"_links":{"self":[{"href":"https:\/\/b2b-armangroup.com\/fr\/wp-json\/wp\/v2\/product\/13596","targetHints":{"allow":["GET"]}}],"collection":[{"href":"https:\/\/b2b-armangroup.com\/fr\/wp-json\/wp\/v2\/product"}],"about":[{"href":"https:\/\/b2b-armangroup.com\/fr\/wp-json\/wp\/v2\/types\/product"}],"replies":[{"embeddable":true,"href":"https:\/\/b2b-armangroup.com\/fr\/wp-json\/wp\/v2\/comments?post=13596"}],"version-history":[{"count":9,"href":"https:\/\/b2b-armangroup.com\/fr\/wp-json\/wp\/v2\/product\/13596\/revisions"}],"predecessor-version":[{"id":14103,"href":"https:\/\/b2b-armangroup.com\/fr\/wp-json\/wp\/v2\/product\/13596\/revisions\/14103"}],"wp:featuredmedia":[{"embeddable":true,"href":"https:\/\/b2b-armangroup.com\/fr\/wp-json\/wp\/v2\/media\/13597"}],"wp:attachment":[{"href":"https:\/\/b2b-armangroup.com\/fr\/wp-json\/wp\/v2\/media?parent=13596"}],"wp:term":[{"taxonomy":"product_brand","embeddable":true,"href":"https:\/\/b2b-armangroup.com\/fr\/wp-json\/wp\/v2\/product_brand?post=13596"},{"taxonomy":"product_cat","embeddable":true,"href":"https:\/\/b2b-armangroup.com\/fr\/wp-json\/wp\/v2\/product_cat?post=13596"},{"taxonomy":"product_tag","embeddable":true,"href":"https:\/\/b2b-armangroup.com\/fr\/wp-json\/wp\/v2\/product_tag?post=13596"}],"curies":[{"name":"wp","href":"https:\/\/api.w.org\/{rel}","templated":true}]}}