{"id":1360,"date":"2025-03-16T15:31:32","date_gmt":"2025-03-16T11:31:32","guid":{"rendered":"https:\/\/b2b-armangroup.com\/product\/alambic-strong-alcoholic-fruit-and-berry-drink-apricot-40-0-5l\/"},"modified":"2026-04-09T13:45:27","modified_gmt":"2026-04-09T09:45:27","slug":"alambic-strong-alcoholic-fruit-and-berry-drink-apricot-40-0-5l","status":"publish","type":"product","link":"https:\/\/b2b-armangroup.com\/fr\/produit\/alambic-strong-alcoholic-fruit-and-berry-drink-apricot-40-0-5l\/","title":{"rendered":"Vodka Alambic Abricot \u2013 40% \u2013 0,5L"},"content":{"rendered":"","protected":false},"excerpt":{"rendered":"<p class=\"p1\">La Vodka Alambic Abricot est un spiritueux arm\u00e9nien de qualit\u00e9, distill\u00e9 \u00e0 partir d\u2019abricots m\u00fbrs. Avec 40% d\u2019alcool, elle allie douceur fruit\u00e9e et puissance raffin\u00e9e.<\/p>\n<p>12,99\u20ac la bouteille<\/p>","protected":false},"featured_media":14693,"comment_status":"open","ping_status":"closed","template":"","meta":{"_acf_changed":false},"product_brand":[],"product_cat":[213],"product_tag":[81],"class_list":{"0":"post-1360","1":"product","2":"type-product","3":"status-publish","4":"has-post-thumbnail","6":"product_cat-vodka","7":"product_tag-81","9":"first","10":"outofstock","11":"shipping-taxable","12":"purchasable","13":"product-type-variable","14":"wvs-archive-product-wrapper"},"acf":[],"_links":{"self":[{"href":"https:\/\/b2b-armangroup.com\/fr\/wp-json\/wp\/v2\/product\/1360","targetHints":{"allow":["GET"]}}],"collection":[{"href":"https:\/\/b2b-armangroup.com\/fr\/wp-json\/wp\/v2\/product"}],"about":[{"href":"https:\/\/b2b-armangroup.com\/fr\/wp-json\/wp\/v2\/types\/product"}],"replies":[{"embeddable":true,"href":"https:\/\/b2b-armangroup.com\/fr\/wp-json\/wp\/v2\/comments?post=1360"}],"version-history":[{"count":3,"href":"https:\/\/b2b-armangroup.com\/fr\/wp-json\/wp\/v2\/product\/1360\/revisions"}],"predecessor-version":[{"id":13165,"href":"https:\/\/b2b-armangroup.com\/fr\/wp-json\/wp\/v2\/product\/1360\/revisions\/13165"}],"wp:featuredmedia":[{"embeddable":true,"href":"https:\/\/b2b-armangroup.com\/fr\/wp-json\/wp\/v2\/media\/14693"}],"wp:attachment":[{"href":"https:\/\/b2b-armangroup.com\/fr\/wp-json\/wp\/v2\/media?parent=1360"}],"wp:term":[{"taxonomy":"product_brand","embeddable":true,"href":"https:\/\/b2b-armangroup.com\/fr\/wp-json\/wp\/v2\/product_brand?post=1360"},{"taxonomy":"product_cat","embeddable":true,"href":"https:\/\/b2b-armangroup.com\/fr\/wp-json\/wp\/v2\/product_cat?post=1360"},{"taxonomy":"product_tag","embeddable":true,"href":"https:\/\/b2b-armangroup.com\/fr\/wp-json\/wp\/v2\/product_tag?post=1360"}],"curies":[{"name":"wp","href":"https:\/\/api.w.org\/{rel}","templated":true}]}}