{"id":1372,"date":"2025-03-16T15:31:33","date_gmt":"2025-03-16T11:31:33","guid":{"rendered":"https:\/\/b2b-armangroup.com\/product\/alambic-strong-alcoholic-fruit-and-berry-drink-mulberry-40-0-5l\/"},"modified":"2026-04-09T13:45:22","modified_gmt":"2026-04-09T09:45:22","slug":"alambic-strong-alcoholic-fruit-and-berry-drink-mulberry-40-0-5l","status":"publish","type":"product","link":"https:\/\/b2b-armangroup.com\/fr\/produit\/alambic-strong-alcoholic-fruit-and-berry-drink-mulberry-40-0-5l\/","title":{"rendered":"Vodka Alambic M\u00fbrier \u2013 40% \u2013 0,5L"},"content":{"rendered":"","protected":false},"excerpt":{"rendered":"<p class=\"p1\">La Vodka Alambic M\u00fbrier est un spiritueux arm\u00e9nien traditionnel \u00e9labor\u00e9 \u00e0 partir de m\u00fbres blanches. Avec 40% d\u2019alcool, elle allie puissance et ar\u00f4mes fruit\u00e9s pour une exp\u00e9rience unique et authentique.<\/p>\n<p>12,99\u20ac la bouteille<\/p>","protected":false},"featured_media":14689,"comment_status":"open","ping_status":"closed","template":"","meta":{"_acf_changed":false},"product_brand":[],"product_cat":[213],"product_tag":[81],"class_list":{"0":"post-1372","1":"product","2":"type-product","3":"status-publish","4":"has-post-thumbnail","6":"product_cat-vodka","7":"product_tag-81","9":"first","10":"outofstock","11":"shipping-taxable","12":"purchasable","13":"product-type-variable","14":"wvs-archive-product-wrapper"},"acf":[],"_links":{"self":[{"href":"https:\/\/b2b-armangroup.com\/fr\/wp-json\/wp\/v2\/product\/1372","targetHints":{"allow":["GET"]}}],"collection":[{"href":"https:\/\/b2b-armangroup.com\/fr\/wp-json\/wp\/v2\/product"}],"about":[{"href":"https:\/\/b2b-armangroup.com\/fr\/wp-json\/wp\/v2\/types\/product"}],"replies":[{"embeddable":true,"href":"https:\/\/b2b-armangroup.com\/fr\/wp-json\/wp\/v2\/comments?post=1372"}],"version-history":[{"count":3,"href":"https:\/\/b2b-armangroup.com\/fr\/wp-json\/wp\/v2\/product\/1372\/revisions"}],"predecessor-version":[{"id":13162,"href":"https:\/\/b2b-armangroup.com\/fr\/wp-json\/wp\/v2\/product\/1372\/revisions\/13162"}],"wp:featuredmedia":[{"embeddable":true,"href":"https:\/\/b2b-armangroup.com\/fr\/wp-json\/wp\/v2\/media\/14689"}],"wp:attachment":[{"href":"https:\/\/b2b-armangroup.com\/fr\/wp-json\/wp\/v2\/media?parent=1372"}],"wp:term":[{"taxonomy":"product_brand","embeddable":true,"href":"https:\/\/b2b-armangroup.com\/fr\/wp-json\/wp\/v2\/product_brand?post=1372"},{"taxonomy":"product_cat","embeddable":true,"href":"https:\/\/b2b-armangroup.com\/fr\/wp-json\/wp\/v2\/product_cat?post=1372"},{"taxonomy":"product_tag","embeddable":true,"href":"https:\/\/b2b-armangroup.com\/fr\/wp-json\/wp\/v2\/product_tag?post=1372"}],"curies":[{"name":"wp","href":"https:\/\/api.w.org\/{rel}","templated":true}]}}