{"id":13728,"date":"2025-10-23T15:01:41","date_gmt":"2025-10-23T11:01:41","guid":{"rendered":"https:\/\/b2b-armangroup.com\/?post_type=product&#038;p=13728"},"modified":"2026-02-22T16:21:35","modified_gmt":"2026-02-22T12:21:35","slug":"ararat-sweet-assorti-400g","status":"publish","type":"product","link":"https:\/\/b2b-armangroup.com\/fr\/produit\/ararat-sweet-assorti-400g\/","title":{"rendered":"Choco Fruits \u2014 Douceurs assorties \u2014 400 g"},"content":{"rendered":"","protected":false},"excerpt":{"rendered":"<p class=\"p1\">Choco Fruits Douceurs assorties 400 g. Une s\u00e9lection luxueuse de confiseries artisanales \u00e0 base de fruits secs, garnies de noix naturelles et enrob\u00e9es de chocolat noir ou blanc. Chaque pi\u00e8ce est pr\u00e9par\u00e9e \u00e0 partir de figues, prunes et abricots s\u00e9ch\u00e9s au soleil, pour une texture tendre et une saveur authentique. Une parfaite harmonie entre fruit, chocolat et savoir-faire \u2014 un dessert raffin\u00e9 ou un cadeau d\u2019exception.<\/p>\n<p>6,5\u20ac<\/p>","protected":false},"featured_media":14829,"comment_status":"open","ping_status":"closed","template":"","meta":{"_acf_changed":false},"product_brand":[],"product_cat":[174,197,251,181,218],"product_tag":[],"class_list":{"0":"post-13728","1":"product","2":"type-product","3":"status-publish","4":"has-post-thumbnail","6":"product_cat-all-collections","7":"product_cat-candies","8":"product_cat-dried-fruits-dried-fruits","9":"product_cat-dried-fruits","10":"product_cat-sweets","12":"first","13":"instock","14":"sale","15":"shipping-taxable","16":"purchasable","17":"product-type-variable","18":"has-default-attributes","19":"wvs-archive-product-wrapper"},"acf":[],"_links":{"self":[{"href":"https:\/\/b2b-armangroup.com\/fr\/wp-json\/wp\/v2\/product\/13728","targetHints":{"allow":["GET"]}}],"collection":[{"href":"https:\/\/b2b-armangroup.com\/fr\/wp-json\/wp\/v2\/product"}],"about":[{"href":"https:\/\/b2b-armangroup.com\/fr\/wp-json\/wp\/v2\/types\/product"}],"replies":[{"embeddable":true,"href":"https:\/\/b2b-armangroup.com\/fr\/wp-json\/wp\/v2\/comments?post=13728"}],"version-history":[{"count":3,"href":"https:\/\/b2b-armangroup.com\/fr\/wp-json\/wp\/v2\/product\/13728\/revisions"}],"predecessor-version":[{"id":15577,"href":"https:\/\/b2b-armangroup.com\/fr\/wp-json\/wp\/v2\/product\/13728\/revisions\/15577"}],"wp:featuredmedia":[{"embeddable":true,"href":"https:\/\/b2b-armangroup.com\/fr\/wp-json\/wp\/v2\/media\/14829"}],"wp:attachment":[{"href":"https:\/\/b2b-armangroup.com\/fr\/wp-json\/wp\/v2\/media?parent=13728"}],"wp:term":[{"taxonomy":"product_brand","embeddable":true,"href":"https:\/\/b2b-armangroup.com\/fr\/wp-json\/wp\/v2\/product_brand?post=13728"},{"taxonomy":"product_cat","embeddable":true,"href":"https:\/\/b2b-armangroup.com\/fr\/wp-json\/wp\/v2\/product_cat?post=13728"},{"taxonomy":"product_tag","embeddable":true,"href":"https:\/\/b2b-armangroup.com\/fr\/wp-json\/wp\/v2\/product_tag?post=13728"}],"curies":[{"name":"wp","href":"https:\/\/api.w.org\/{rel}","templated":true}]}}