{"id":13754,"date":"2025-10-23T16:05:58","date_gmt":"2025-10-23T12:05:58","guid":{"rendered":"https:\/\/b2b-armangroup.com\/?post_type=product&#038;p=13754"},"modified":"2025-11-22T16:12:09","modified_gmt":"2025-11-22T12:12:09","slug":"daroink-raisin-cookies-400-g","status":"publish","type":"product","link":"https:\/\/b2b-armangroup.com\/fr\/produit\/daroink-raisin-cookies-400-g\/","title":{"rendered":"Daroink \u2014 Biscuits aux raisins secs \u2014 400 g"},"content":{"rendered":"","protected":false},"excerpt":{"rendered":"<p class=\"p1\">Daroink Biscuits aux raisins secs 400 g. Biscuits sabl\u00e9s d\u00e9licatement dor\u00e9s, garnis de raisins secs moelleux. Un \u00e9quilibre parfait entre douceur et croquant, id\u00e9al \u00e0 savourer avec du th\u00e9 ou du caf\u00e9. Pr\u00e9par\u00e9s selon la tradition arm\u00e9nienne pour un go\u00fbt authentique et r\u00e9confortant.<\/p>\n<p>1,40\u20ac<\/p>","protected":false},"featured_media":14817,"comment_status":"open","ping_status":"closed","template":"","meta":{"_acf_changed":false},"product_brand":[],"product_cat":[218,239],"product_tag":[],"class_list":{"0":"post-13754","1":"product","2":"type-product","3":"status-publish","4":"has-post-thumbnail","6":"product_cat-sweets","7":"product_cat-wafer","9":"first","10":"instock","11":"shipping-taxable","12":"purchasable","13":"product-type-variable","14":"wvs-archive-product-wrapper"},"acf":[],"_links":{"self":[{"href":"https:\/\/b2b-armangroup.com\/fr\/wp-json\/wp\/v2\/product\/13754","targetHints":{"allow":["GET"]}}],"collection":[{"href":"https:\/\/b2b-armangroup.com\/fr\/wp-json\/wp\/v2\/product"}],"about":[{"href":"https:\/\/b2b-armangroup.com\/fr\/wp-json\/wp\/v2\/types\/product"}],"replies":[{"embeddable":true,"href":"https:\/\/b2b-armangroup.com\/fr\/wp-json\/wp\/v2\/comments?post=13754"}],"version-history":[{"count":1,"href":"https:\/\/b2b-armangroup.com\/fr\/wp-json\/wp\/v2\/product\/13754\/revisions"}],"predecessor-version":[{"id":13757,"href":"https:\/\/b2b-armangroup.com\/fr\/wp-json\/wp\/v2\/product\/13754\/revisions\/13757"}],"wp:featuredmedia":[{"embeddable":true,"href":"https:\/\/b2b-armangroup.com\/fr\/wp-json\/wp\/v2\/media\/14817"}],"wp:attachment":[{"href":"https:\/\/b2b-armangroup.com\/fr\/wp-json\/wp\/v2\/media?parent=13754"}],"wp:term":[{"taxonomy":"product_brand","embeddable":true,"href":"https:\/\/b2b-armangroup.com\/fr\/wp-json\/wp\/v2\/product_brand?post=13754"},{"taxonomy":"product_cat","embeddable":true,"href":"https:\/\/b2b-armangroup.com\/fr\/wp-json\/wp\/v2\/product_cat?post=13754"},{"taxonomy":"product_tag","embeddable":true,"href":"https:\/\/b2b-armangroup.com\/fr\/wp-json\/wp\/v2\/product_tag?post=13754"}],"curies":[{"name":"wp","href":"https:\/\/api.w.org\/{rel}","templated":true}]}}