{"id":13761,"date":"2025-10-23T16:17:45","date_gmt":"2025-10-23T12:17:45","guid":{"rendered":"https:\/\/b2b-armangroup.com\/?post_type=product&#038;p=13761"},"modified":"2025-11-22T16:11:53","modified_gmt":"2025-11-22T12:11:53","slug":"daroink-wafer-sticks-with-hazelnut-flavor-filling-130-g","status":"publish","type":"product","link":"https:\/\/b2b-armangroup.com\/fr\/produit\/daroink-wafer-sticks-with-hazelnut-flavor-filling-130-g\/","title":{"rendered":"Daroink \u2014 Gaufrettes roul\u00e9es fourr\u00e9es \u00e0 la noisette \u2014 130 g"},"content":{"rendered":"","protected":false},"excerpt":{"rendered":"<p class=\"p1\">Daroink Gaufrettes roul\u00e9es fourr\u00e9es \u00e0 la noisette 130 g. De fines gaufrettes croustillantes, garnies d\u2019une cr\u00e8me onctueuse \u00e0 la noisette. Un \u00e9quilibre parfait entre l\u00e9g\u00e8ret\u00e9 et douceur intense, id\u00e9ales \u00e0 d\u00e9guster avec un caf\u00e9 ou en collation.<\/p>\n<p>0,80\u20ac<\/p>","protected":false},"featured_media":14826,"comment_status":"open","ping_status":"closed","template":"","meta":{"_acf_changed":false},"product_brand":[],"product_cat":[218,239],"product_tag":[],"class_list":{"0":"post-13761","1":"product","2":"type-product","3":"status-publish","4":"has-post-thumbnail","6":"product_cat-sweets","7":"product_cat-wafer","9":"first","10":"instock","11":"shipping-taxable","12":"purchasable","13":"product-type-variable","14":"wvs-archive-product-wrapper"},"acf":[],"_links":{"self":[{"href":"https:\/\/b2b-armangroup.com\/fr\/wp-json\/wp\/v2\/product\/13761","targetHints":{"allow":["GET"]}}],"collection":[{"href":"https:\/\/b2b-armangroup.com\/fr\/wp-json\/wp\/v2\/product"}],"about":[{"href":"https:\/\/b2b-armangroup.com\/fr\/wp-json\/wp\/v2\/types\/product"}],"replies":[{"embeddable":true,"href":"https:\/\/b2b-armangroup.com\/fr\/wp-json\/wp\/v2\/comments?post=13761"}],"version-history":[{"count":1,"href":"https:\/\/b2b-armangroup.com\/fr\/wp-json\/wp\/v2\/product\/13761\/revisions"}],"predecessor-version":[{"id":13764,"href":"https:\/\/b2b-armangroup.com\/fr\/wp-json\/wp\/v2\/product\/13761\/revisions\/13764"}],"wp:featuredmedia":[{"embeddable":true,"href":"https:\/\/b2b-armangroup.com\/fr\/wp-json\/wp\/v2\/media\/14826"}],"wp:attachment":[{"href":"https:\/\/b2b-armangroup.com\/fr\/wp-json\/wp\/v2\/media?parent=13761"}],"wp:term":[{"taxonomy":"product_brand","embeddable":true,"href":"https:\/\/b2b-armangroup.com\/fr\/wp-json\/wp\/v2\/product_brand?post=13761"},{"taxonomy":"product_cat","embeddable":true,"href":"https:\/\/b2b-armangroup.com\/fr\/wp-json\/wp\/v2\/product_cat?post=13761"},{"taxonomy":"product_tag","embeddable":true,"href":"https:\/\/b2b-armangroup.com\/fr\/wp-json\/wp\/v2\/product_tag?post=13761"}],"curies":[{"name":"wp","href":"https:\/\/api.w.org\/{rel}","templated":true}]}}