{"id":13776,"date":"2025-10-23T16:51:46","date_gmt":"2025-10-23T12:51:46","guid":{"rendered":"https:\/\/b2b-armangroup.com\/?post_type=product&#038;p=13776"},"modified":"2025-10-23T16:52:22","modified_gmt":"2025-10-23T12:52:22","slug":"13776","status":"publish","type":"product","link":"https:\/\/b2b-armangroup.com\/fr\/produit\/13776\/","title":{"rendered":"Daroink \u2014 Boules de c\u00e9r\u00e9ales chocolat\u00e9es \u201cDeny\u201d Mix \u2014 200 g"},"content":{"rendered":"","protected":false},"excerpt":{"rendered":"<p class=\"p1\">Daroink Boules de c\u00e9r\u00e9ales chocolat\u00e9es \u201cDeny\u201d Mix 200 g. Un savoureux m\u00e9lange de boules croustillantes au chocolat noir et blanc, sans gluten, enrichi de 5 vitamines et min\u00e9raux. Croquantes et l\u00e9g\u00e8res, elles offrent une \u00e9nergie durable pour bien commencer la journ\u00e9e.<\/p>\n<p>1,15\u20ac<\/p>","protected":false},"featured_media":13777,"comment_status":"open","ping_status":"closed","template":"","meta":{"_acf_changed":false},"product_brand":[],"product_cat":[218,239],"product_tag":[],"class_list":{"0":"post-13776","1":"product","2":"type-product","3":"status-publish","4":"has-post-thumbnail","6":"product_cat-sweets","7":"product_cat-wafer","9":"first","10":"instock","11":"shipping-taxable","12":"purchasable","13":"product-type-variable","14":"wvs-archive-product-wrapper"},"acf":[],"_links":{"self":[{"href":"https:\/\/b2b-armangroup.com\/fr\/wp-json\/wp\/v2\/product\/13776","targetHints":{"allow":["GET"]}}],"collection":[{"href":"https:\/\/b2b-armangroup.com\/fr\/wp-json\/wp\/v2\/product"}],"about":[{"href":"https:\/\/b2b-armangroup.com\/fr\/wp-json\/wp\/v2\/types\/product"}],"replies":[{"embeddable":true,"href":"https:\/\/b2b-armangroup.com\/fr\/wp-json\/wp\/v2\/comments?post=13776"}],"version-history":[{"count":2,"href":"https:\/\/b2b-armangroup.com\/fr\/wp-json\/wp\/v2\/product\/13776\/revisions"}],"predecessor-version":[{"id":13780,"href":"https:\/\/b2b-armangroup.com\/fr\/wp-json\/wp\/v2\/product\/13776\/revisions\/13780"}],"wp:featuredmedia":[{"embeddable":true,"href":"https:\/\/b2b-armangroup.com\/fr\/wp-json\/wp\/v2\/media\/13777"}],"wp:attachment":[{"href":"https:\/\/b2b-armangroup.com\/fr\/wp-json\/wp\/v2\/media?parent=13776"}],"wp:term":[{"taxonomy":"product_brand","embeddable":true,"href":"https:\/\/b2b-armangroup.com\/fr\/wp-json\/wp\/v2\/product_brand?post=13776"},{"taxonomy":"product_cat","embeddable":true,"href":"https:\/\/b2b-armangroup.com\/fr\/wp-json\/wp\/v2\/product_cat?post=13776"},{"taxonomy":"product_tag","embeddable":true,"href":"https:\/\/b2b-armangroup.com\/fr\/wp-json\/wp\/v2\/product_tag?post=13776"}],"curies":[{"name":"wp","href":"https:\/\/api.w.org\/{rel}","templated":true}]}}