{"id":13781,"date":"2025-10-23T17:01:59","date_gmt":"2025-10-23T13:01:59","guid":{"rendered":"https:\/\/b2b-armangroup.com\/?post_type=product&#038;p=13781"},"modified":"2026-03-11T14:59:48","modified_gmt":"2026-03-11T10:59:48","slug":"chaicoff-traditional-ground-coffee-100-g","status":"publish","type":"product","link":"https:\/\/b2b-armangroup.com\/fr\/produit\/chaicoff-traditional-ground-coffee-100-g\/","title":{"rendered":"Chaicoff \u2014 Caf\u00e9 Moulu Traditionnel \u2014 100 g"},"content":{"rendered":"","protected":false},"excerpt":{"rendered":"<p class=\"p1\">Chaicoff Caf\u00e9 Moulu Traditionnel 100 g. M\u00e9lange \u00e9quilibr\u00e9 d\u2019Arabica et de Robusta, offrant un ar\u00f4me riche et un go\u00fbt profond et classique. Torr\u00e9fi\u00e9 et moulu pour une exp\u00e9rience authentique, id\u00e9al pour une pr\u00e9paration \u00e0 la cafeti\u00e8re ou \u00e0 la turque. 100 % naturel, sans additifs.<\/p>\n<p>1,70\u20ac<\/p>","protected":false},"featured_media":13783,"comment_status":"open","ping_status":"closed","template":"","meta":{"_acf_changed":false},"product_brand":[],"product_cat":[179],"product_tag":[],"class_list":{"0":"post-13781","1":"product","2":"type-product","3":"status-publish","4":"has-post-thumbnail","6":"product_cat-coffee-and-tea","8":"first","9":"instock","10":"shipping-taxable","11":"purchasable","12":"product-type-variable","13":"wvs-archive-product-wrapper"},"acf":[],"_links":{"self":[{"href":"https:\/\/b2b-armangroup.com\/fr\/wp-json\/wp\/v2\/product\/13781","targetHints":{"allow":["GET"]}}],"collection":[{"href":"https:\/\/b2b-armangroup.com\/fr\/wp-json\/wp\/v2\/product"}],"about":[{"href":"https:\/\/b2b-armangroup.com\/fr\/wp-json\/wp\/v2\/types\/product"}],"replies":[{"embeddable":true,"href":"https:\/\/b2b-armangroup.com\/fr\/wp-json\/wp\/v2\/comments?post=13781"}],"version-history":[{"count":1,"href":"https:\/\/b2b-armangroup.com\/fr\/wp-json\/wp\/v2\/product\/13781\/revisions"}],"predecessor-version":[{"id":13786,"href":"https:\/\/b2b-armangroup.com\/fr\/wp-json\/wp\/v2\/product\/13781\/revisions\/13786"}],"wp:featuredmedia":[{"embeddable":true,"href":"https:\/\/b2b-armangroup.com\/fr\/wp-json\/wp\/v2\/media\/13783"}],"wp:attachment":[{"href":"https:\/\/b2b-armangroup.com\/fr\/wp-json\/wp\/v2\/media?parent=13781"}],"wp:term":[{"taxonomy":"product_brand","embeddable":true,"href":"https:\/\/b2b-armangroup.com\/fr\/wp-json\/wp\/v2\/product_brand?post=13781"},{"taxonomy":"product_cat","embeddable":true,"href":"https:\/\/b2b-armangroup.com\/fr\/wp-json\/wp\/v2\/product_cat?post=13781"},{"taxonomy":"product_tag","embeddable":true,"href":"https:\/\/b2b-armangroup.com\/fr\/wp-json\/wp\/v2\/product_tag?post=13781"}],"curies":[{"name":"wp","href":"https:\/\/api.w.org\/{rel}","templated":true}]}}