{"id":13787,"date":"2025-10-23T17:11:20","date_gmt":"2025-10-23T13:11:20","guid":{"rendered":"https:\/\/b2b-armangroup.com\/?post_type=product&#038;p=13787"},"modified":"2026-03-11T14:58:50","modified_gmt":"2026-03-11T10:58:50","slug":"chaicoff-diamond-ground-coffee-100-g","status":"publish","type":"product","link":"https:\/\/b2b-armangroup.com\/fr\/produit\/chaicoff-diamond-ground-coffee-100-g\/","title":{"rendered":"Chaicoff \u2014 Caf\u00e9 Moulu Diamond \u2014 100 g"},"content":{"rendered":"","protected":false},"excerpt":{"rendered":"<p class=\"p1\">Chaicoff Caf\u00e9 Moulu Diamond 100 g. M\u00e9lange d\u2019Arabica haut de gamme, con\u00e7u pour ceux qui recherchent la puret\u00e9 et la douceur dans chaque tasse. Ar\u00f4me raffin\u00e9, go\u00fbt d\u00e9licat et acidit\u00e9 \u00e9quilibr\u00e9e \u2014 un caf\u00e9 d\u2019exception pour les vrais connaisseurs. 100 % naturel, issu de grains d\u2019Arabica soigneusement s\u00e9lectionn\u00e9s.<\/p>\n<p>1,80\u20ac<\/p>","protected":false},"featured_media":13788,"comment_status":"open","ping_status":"closed","template":"","meta":{"_acf_changed":false},"product_brand":[],"product_cat":[179],"product_tag":[],"class_list":{"0":"post-13787","1":"product","2":"type-product","3":"status-publish","4":"has-post-thumbnail","6":"product_cat-coffee-and-tea","8":"first","9":"instock","10":"shipping-taxable","11":"purchasable","12":"product-type-variable","13":"wvs-archive-product-wrapper"},"acf":[],"_links":{"self":[{"href":"https:\/\/b2b-armangroup.com\/fr\/wp-json\/wp\/v2\/product\/13787","targetHints":{"allow":["GET"]}}],"collection":[{"href":"https:\/\/b2b-armangroup.com\/fr\/wp-json\/wp\/v2\/product"}],"about":[{"href":"https:\/\/b2b-armangroup.com\/fr\/wp-json\/wp\/v2\/types\/product"}],"replies":[{"embeddable":true,"href":"https:\/\/b2b-armangroup.com\/fr\/wp-json\/wp\/v2\/comments?post=13787"}],"version-history":[{"count":1,"href":"https:\/\/b2b-armangroup.com\/fr\/wp-json\/wp\/v2\/product\/13787\/revisions"}],"predecessor-version":[{"id":13790,"href":"https:\/\/b2b-armangroup.com\/fr\/wp-json\/wp\/v2\/product\/13787\/revisions\/13790"}],"wp:featuredmedia":[{"embeddable":true,"href":"https:\/\/b2b-armangroup.com\/fr\/wp-json\/wp\/v2\/media\/13788"}],"wp:attachment":[{"href":"https:\/\/b2b-armangroup.com\/fr\/wp-json\/wp\/v2\/media?parent=13787"}],"wp:term":[{"taxonomy":"product_brand","embeddable":true,"href":"https:\/\/b2b-armangroup.com\/fr\/wp-json\/wp\/v2\/product_brand?post=13787"},{"taxonomy":"product_cat","embeddable":true,"href":"https:\/\/b2b-armangroup.com\/fr\/wp-json\/wp\/v2\/product_cat?post=13787"},{"taxonomy":"product_tag","embeddable":true,"href":"https:\/\/b2b-armangroup.com\/fr\/wp-json\/wp\/v2\/product_tag?post=13787"}],"curies":[{"name":"wp","href":"https:\/\/api.w.org\/{rel}","templated":true}]}}