{"id":13791,"date":"2025-10-23T17:18:36","date_gmt":"2025-10-23T13:18:36","guid":{"rendered":"https:\/\/b2b-armangroup.com\/?post_type=product&#038;p=13791"},"modified":"2025-11-28T03:41:03","modified_gmt":"2025-11-27T23:41:03","slug":"montecc-espresso-premium-coffee-907-g","status":"publish","type":"product","link":"https:\/\/b2b-armangroup.com\/fr\/produit\/montecc-espresso-premium-coffee-907-g\/","title":{"rendered":"Montecc \u2014 Caf\u00e9 Espresso Premium \u2014 907 g"},"content":{"rendered":"","protected":false},"excerpt":{"rendered":"<p class=\"p1\">Montecc Caf\u00e9 Espresso Premium 907 g. M\u00e9lange professionnel compos\u00e9 de 80 % d\u2019Arabica et 20 % de Robusta, torr\u00e9fi\u00e9 fonc\u00e9 pour offrir un espresso cors\u00e9, riche en ar\u00f4mes et en crema. Con\u00e7u pour les machines \u00e0 espresso et les cafeti\u00e8res italiennes, il allie puissance et douceur. Id\u00e9al pour les amateurs d\u2019espresso \u00e0 l\u2019italienne.<\/p>\n<p>15,85\u20ac<\/p>","protected":false},"featured_media":15025,"comment_status":"open","ping_status":"closed","template":"","meta":{"_acf_changed":false},"product_brand":[],"product_cat":[179],"product_tag":[],"class_list":{"0":"post-13791","1":"product","2":"type-product","3":"status-publish","4":"has-post-thumbnail","6":"product_cat-coffee-and-tea","8":"first","9":"instock","10":"shipping-taxable","11":"purchasable","12":"product-type-variable","13":"wvs-archive-product-wrapper"},"acf":[],"_links":{"self":[{"href":"https:\/\/b2b-armangroup.com\/fr\/wp-json\/wp\/v2\/product\/13791","targetHints":{"allow":["GET"]}}],"collection":[{"href":"https:\/\/b2b-armangroup.com\/fr\/wp-json\/wp\/v2\/product"}],"about":[{"href":"https:\/\/b2b-armangroup.com\/fr\/wp-json\/wp\/v2\/types\/product"}],"replies":[{"embeddable":true,"href":"https:\/\/b2b-armangroup.com\/fr\/wp-json\/wp\/v2\/comments?post=13791"}],"version-history":[{"count":1,"href":"https:\/\/b2b-armangroup.com\/fr\/wp-json\/wp\/v2\/product\/13791\/revisions"}],"predecessor-version":[{"id":13794,"href":"https:\/\/b2b-armangroup.com\/fr\/wp-json\/wp\/v2\/product\/13791\/revisions\/13794"}],"wp:featuredmedia":[{"embeddable":true,"href":"https:\/\/b2b-armangroup.com\/fr\/wp-json\/wp\/v2\/media\/15025"}],"wp:attachment":[{"href":"https:\/\/b2b-armangroup.com\/fr\/wp-json\/wp\/v2\/media?parent=13791"}],"wp:term":[{"taxonomy":"product_brand","embeddable":true,"href":"https:\/\/b2b-armangroup.com\/fr\/wp-json\/wp\/v2\/product_brand?post=13791"},{"taxonomy":"product_cat","embeddable":true,"href":"https:\/\/b2b-armangroup.com\/fr\/wp-json\/wp\/v2\/product_cat?post=13791"},{"taxonomy":"product_tag","embeddable":true,"href":"https:\/\/b2b-armangroup.com\/fr\/wp-json\/wp\/v2\/product_tag?post=13791"}],"curies":[{"name":"wp","href":"https:\/\/api.w.org\/{rel}","templated":true}]}}