{"id":13795,"date":"2025-10-23T17:28:02","date_gmt":"2025-10-23T13:28:02","guid":{"rendered":"https:\/\/b2b-armangroup.com\/?post_type=product&#038;p=13795"},"modified":"2026-03-28T13:31:17","modified_gmt":"2026-03-28T09:31:17","slug":"xash-clay-plate-1-2-l","status":"publish","type":"product","link":"https:\/\/b2b-armangroup.com\/fr\/produit\/xash-clay-plate-1-2-l\/","title":{"rendered":"Xash Clay Plate \u2014 1l"},"content":{"rendered":"","protected":false},"excerpt":{"rendered":"<p class=\"p1\">Assiette en argile arm\u00e9nienne traditionnelle de 1,2 litre. Fabriqu\u00e9e \u00e0 la main \u00e0 partir d\u2019argile naturelle, elle conserve parfaitement la chaleur pour garder les soupes et plats chauds plus longtemps. L\u2019int\u00e9rieur \u00e9maill\u00e9 facilite le nettoyage, tandis que l\u2019ext\u00e9rieur rustique met en valeur l\u2019artisanat arm\u00e9nien authentique \u2014 parfaite pour servir le khash ou d\u2019autres plats chauds.<\/p>\n<p>4,99\u20ac<\/p>","protected":false},"featured_media":13796,"comment_status":"open","ping_status":"closed","template":"","meta":{"_acf_changed":false},"product_brand":[],"product_cat":[246,243],"product_tag":[],"class_list":{"0":"post-13795","1":"product","2":"type-product","3":"status-publish","4":"has-post-thumbnail","6":"product_cat-clay-plates","7":"product_cat-tonirs-clayware","9":"first","10":"instock","11":"shipping-taxable","12":"purchasable","13":"product-type-variable","14":"wvs-archive-product-wrapper"},"acf":[],"_links":{"self":[{"href":"https:\/\/b2b-armangroup.com\/fr\/wp-json\/wp\/v2\/product\/13795","targetHints":{"allow":["GET"]}}],"collection":[{"href":"https:\/\/b2b-armangroup.com\/fr\/wp-json\/wp\/v2\/product"}],"about":[{"href":"https:\/\/b2b-armangroup.com\/fr\/wp-json\/wp\/v2\/types\/product"}],"replies":[{"embeddable":true,"href":"https:\/\/b2b-armangroup.com\/fr\/wp-json\/wp\/v2\/comments?post=13795"}],"version-history":[{"count":2,"href":"https:\/\/b2b-armangroup.com\/fr\/wp-json\/wp\/v2\/product\/13795\/revisions"}],"predecessor-version":[{"id":15086,"href":"https:\/\/b2b-armangroup.com\/fr\/wp-json\/wp\/v2\/product\/13795\/revisions\/15086"}],"wp:featuredmedia":[{"embeddable":true,"href":"https:\/\/b2b-armangroup.com\/fr\/wp-json\/wp\/v2\/media\/13796"}],"wp:attachment":[{"href":"https:\/\/b2b-armangroup.com\/fr\/wp-json\/wp\/v2\/media?parent=13795"}],"wp:term":[{"taxonomy":"product_brand","embeddable":true,"href":"https:\/\/b2b-armangroup.com\/fr\/wp-json\/wp\/v2\/product_brand?post=13795"},{"taxonomy":"product_cat","embeddable":true,"href":"https:\/\/b2b-armangroup.com\/fr\/wp-json\/wp\/v2\/product_cat?post=13795"},{"taxonomy":"product_tag","embeddable":true,"href":"https:\/\/b2b-armangroup.com\/fr\/wp-json\/wp\/v2\/product_tag?post=13795"}],"curies":[{"name":"wp","href":"https:\/\/api.w.org\/{rel}","templated":true}]}}