{"id":13800,"date":"2025-10-23T17:41:27","date_gmt":"2025-10-23T13:41:27","guid":{"rendered":"https:\/\/b2b-armangroup.com\/?post_type=product&#038;p=13800"},"modified":"2025-12-02T00:45:37","modified_gmt":"2025-12-01T20:45:37","slug":"daroink-mishelle-chocolate-milk-wafer-1kg","status":"publish","type":"product","link":"https:\/\/b2b-armangroup.com\/fr\/produit\/daroink-mishelle-chocolate-milk-wafer-1kg\/","title":{"rendered":"Daroink \u2014 Gaufrette au Chocolat et au Lait \u2014 1kg"},"content":{"rendered":"","protected":false},"excerpt":{"rendered":"<p class=\"p1\">Daroink Gaufrette au Chocolat et au Lait 30 g. Une gaufrette croustillante garnie d\u2019une cr\u00e8me chocolat-lait onctueuse et enrob\u00e9e d\u2019un gla\u00e7age d\u00e9licat. Id\u00e9ale pour une pause gourmande ou pour accompagner un caf\u00e9. Go\u00fbt doux et texture fondante.<\/p>\n<p>4,99\u20ac<\/p>","protected":false},"featured_media":13801,"comment_status":"open","ping_status":"closed","template":"","meta":{"_acf_changed":false},"product_brand":[],"product_cat":[197,218],"product_tag":[],"class_list":{"0":"post-13800","1":"product","2":"type-product","3":"status-publish","4":"has-post-thumbnail","6":"product_cat-candies","7":"product_cat-sweets","9":"first","10":"instock","11":"shipping-taxable","12":"purchasable","13":"product-type-variable","14":"wvs-archive-product-wrapper"},"acf":[],"_links":{"self":[{"href":"https:\/\/b2b-armangroup.com\/fr\/wp-json\/wp\/v2\/product\/13800","targetHints":{"allow":["GET"]}}],"collection":[{"href":"https:\/\/b2b-armangroup.com\/fr\/wp-json\/wp\/v2\/product"}],"about":[{"href":"https:\/\/b2b-armangroup.com\/fr\/wp-json\/wp\/v2\/types\/product"}],"replies":[{"embeddable":true,"href":"https:\/\/b2b-armangroup.com\/fr\/wp-json\/wp\/v2\/comments?post=13800"}],"version-history":[{"count":2,"href":"https:\/\/b2b-armangroup.com\/fr\/wp-json\/wp\/v2\/product\/13800\/revisions"}],"predecessor-version":[{"id":13854,"href":"https:\/\/b2b-armangroup.com\/fr\/wp-json\/wp\/v2\/product\/13800\/revisions\/13854"}],"wp:featuredmedia":[{"embeddable":true,"href":"https:\/\/b2b-armangroup.com\/fr\/wp-json\/wp\/v2\/media\/13801"}],"wp:attachment":[{"href":"https:\/\/b2b-armangroup.com\/fr\/wp-json\/wp\/v2\/media?parent=13800"}],"wp:term":[{"taxonomy":"product_brand","embeddable":true,"href":"https:\/\/b2b-armangroup.com\/fr\/wp-json\/wp\/v2\/product_brand?post=13800"},{"taxonomy":"product_cat","embeddable":true,"href":"https:\/\/b2b-armangroup.com\/fr\/wp-json\/wp\/v2\/product_cat?post=13800"},{"taxonomy":"product_tag","embeddable":true,"href":"https:\/\/b2b-armangroup.com\/fr\/wp-json\/wp\/v2\/product_tag?post=13800"}],"curies":[{"name":"wp","href":"https:\/\/api.w.org\/{rel}","templated":true}]}}