{"id":13804,"date":"2025-10-23T17:52:55","date_gmt":"2025-10-23T13:52:55","guid":{"rendered":"https:\/\/b2b-armangroup.com\/?post_type=product&#038;p=13804"},"modified":"2025-12-02T00:45:30","modified_gmt":"2025-12-01T20:45:30","slug":"daroink-mishelle-chocolate-milk-wafer-1-kg","status":"publish","type":"product","link":"https:\/\/b2b-armangroup.com\/fr\/produit\/daroink-mishelle-chocolate-milk-wafer-1-kg\/","title":{"rendered":"Daroink \u2014 Gaufrettes \u00e0 la Noisette \u2014 1 kg"},"content":{"rendered":"","protected":false},"excerpt":{"rendered":"<p class=\"p1\">Daroink Gaufrettes \u00e0 la Noisette 1 kg. De d\u00e9licieuses gaufrettes croustillantes, garnies d\u2019une cr\u00e8me onctueuse \u00e0 la noisette et recouvertes d\u2019un fin gla\u00e7age. Un go\u00fbt riche et \u00e9quilibr\u00e9, id\u00e9al pour accompagner un caf\u00e9, un th\u00e9 ou pour une pause gourmande.<\/p>\n<p>4,99\u20ac<\/p>","protected":false},"featured_media":13807,"comment_status":"open","ping_status":"closed","template":"","meta":{"_acf_changed":false},"product_brand":[],"product_cat":[197,218],"product_tag":[],"class_list":{"0":"post-13804","1":"product","2":"type-product","3":"status-publish","4":"has-post-thumbnail","6":"product_cat-candies","7":"product_cat-sweets","9":"first","10":"instock","11":"shipping-taxable","12":"purchasable","13":"product-type-variable","14":"wvs-archive-product-wrapper"},"acf":[],"_links":{"self":[{"href":"https:\/\/b2b-armangroup.com\/fr\/wp-json\/wp\/v2\/product\/13804","targetHints":{"allow":["GET"]}}],"collection":[{"href":"https:\/\/b2b-armangroup.com\/fr\/wp-json\/wp\/v2\/product"}],"about":[{"href":"https:\/\/b2b-armangroup.com\/fr\/wp-json\/wp\/v2\/types\/product"}],"replies":[{"embeddable":true,"href":"https:\/\/b2b-armangroup.com\/fr\/wp-json\/wp\/v2\/comments?post=13804"}],"version-history":[{"count":4,"href":"https:\/\/b2b-armangroup.com\/fr\/wp-json\/wp\/v2\/product\/13804\/revisions"}],"predecessor-version":[{"id":13853,"href":"https:\/\/b2b-armangroup.com\/fr\/wp-json\/wp\/v2\/product\/13804\/revisions\/13853"}],"wp:featuredmedia":[{"embeddable":true,"href":"https:\/\/b2b-armangroup.com\/fr\/wp-json\/wp\/v2\/media\/13807"}],"wp:attachment":[{"href":"https:\/\/b2b-armangroup.com\/fr\/wp-json\/wp\/v2\/media?parent=13804"}],"wp:term":[{"taxonomy":"product_brand","embeddable":true,"href":"https:\/\/b2b-armangroup.com\/fr\/wp-json\/wp\/v2\/product_brand?post=13804"},{"taxonomy":"product_cat","embeddable":true,"href":"https:\/\/b2b-armangroup.com\/fr\/wp-json\/wp\/v2\/product_cat?post=13804"},{"taxonomy":"product_tag","embeddable":true,"href":"https:\/\/b2b-armangroup.com\/fr\/wp-json\/wp\/v2\/product_tag?post=13804"}],"curies":[{"name":"wp","href":"https:\/\/api.w.org\/{rel}","templated":true}]}}